{"id":346,"date":"2026-03-20T16:37:11","date_gmt":"2026-03-20T21:37:11","guid":{"rendered":"https:\/\/rectoria.umet.edu.ec\/?page_id=346"},"modified":"2026-03-20T17:37:05","modified_gmt":"2026-03-20T22:37:05","slug":"ing-carlos-xavier-espinoza-cordero-ph-d","status":"publish","type":"page","link":"https:\/\/rectoria.umet.edu.ec\/?page_id=346","title":{"rendered":"Ing. Carlos Xavier Espinoza Cordero; Ph.D."},"content":{"rendered":"\n<div class=\"wp-block-media-text is-stacked-on-mobile\" style=\"grid-template-columns:39% auto\"><figure class=\"wp-block-media-text__media\"><img loading=\"lazy\" decoding=\"async\" width=\"601\" height=\"401\" src=\"https:\/\/rectoria.umet.edu.ec\/wp-content\/uploads\/2026\/03\/Carlos.jpg\" alt=\"\" class=\"wp-image-347 size-full\" srcset=\"https:\/\/rectoria.umet.edu.ec\/wp-content\/uploads\/2026\/03\/Carlos.jpg 601w, https:\/\/rectoria.umet.edu.ec\/wp-content\/uploads\/2026\/03\/Carlos-300x200.jpg 300w\" sizes=\"auto, (max-width: 601px) 100vw, 601px\" \/><\/figure><div class=\"wp-block-media-text__content\">\n<p class=\"has-medium-font-size\"><strong>Ing. Carlos Xavier Espinoza Cordero, Ph.D.<\/strong><\/p>\n\n\n\n<p>Canciller de la Universidad Metropolitana. Presidente del Consejo de Regentes y Presidente de Honor del Comit\u00e9 Cient\u00edfico.<\/p>\n\n\n\n<p>P\u00e1gina personal y blog: <a href=\"https:\/\/carlosespinoza.ec\/\">https:\/\/carlosespinoza.ec\/<\/a><\/p>\n<\/div><\/div>\n\n\n\n<p><strong>Carlos Xavier Espinoza Cordero<\/strong> es Doctor en Pedagog\u00eda (Ph.D.), posee t\u00edtulos de maestr\u00edas en marketing, administraci\u00f3n y gerencia educativa, adem\u00e1s de cursos en alta direcci\u00f3n y certificaciones en liderazgo digital, inteligencia artificial y transformaci\u00f3n digital en el MIT. \u200b Su formaci\u00f3n complementaria incluye diplomados en derecho constitucional, calidad total y marketing.<\/p>\n\n\n\n<p>Su experiencia profesional abarca cargos directivos universitarios, fundaciones y empresas, adem\u00e1s de roles docentes y de asesor\u00eda en instituciones p\u00fablicas y privadas. Ha liderado proyectos de investigaci\u00f3n en gesti\u00f3n universitaria, inclusi\u00f3n social, innovaci\u00f3n tecnol\u00f3gica y participaci\u00f3n ciudadana, con resultados relevantes en plataformas de gesti\u00f3n, indicadores de impacto y estrategias de marketing hol\u00edstico.<\/p>\n\n\n\n<p>Ha ocupado cargos de direcci\u00f3n como autoridad acad\u00e9mica en la Universidad Metropolitana, donde fue Rector en diferentes periodos, miembro del Consejo Acad\u00e9mico Superior y Canciller. \u200b Actualmente es el Presidente del Consejo de Regentes. Su liderazgo ha impulsado la gesti\u00f3n institucional, la innovaci\u00f3n educativa y la vinculaci\u00f3n con la sociedad, adem\u00e1s de participar en concursos y procesos de selecci\u00f3n para cargos p\u00fablicos y de control social.<\/p>\n\n\n\n<p>La Universidad Metropolitana debe su avance continuo a sus iniciativas e ideas fundacionales, el desarrollo el Programa de Carrera Docente, la noci\u00f3n de Ciencia, Tecnolog\u00eda y Sociedad de su Modelo Educativo y Pedag\u00f3gico, la transformaci\u00f3n digital y el desarrollo de programas inclusivos de continuidad de estudios, que ha sabido liderar e involucrar a un equipo de trabajo de avanzada. M\u00e1s recientemente ha fomentado un Centro de Educaci\u00f3n Continua con su nombre que constituye una unidad acad\u00e9mica avalada y auspiciada en el marco de varias alianzas estrat\u00e9gicas, entre ellas diversas instancias y proyectos de la Universidad y la Fundaci\u00f3n Metropolitana. El CEC basa su funcionamiento en Plataforma Multilateral de Aprendizaje&nbsp;que articula los instructores y sus aprendices, los profesores y los estudiantes, con el empleo de las m\u00e1s avanzadas tecnolog\u00edas.<\/p>\n\n\n\n<p>Su producci\u00f3n acad\u00e9mica incluye catorce libros sobre gesti\u00f3n universitaria, innovaci\u00f3n, diversidad, tecnolog\u00eda, planificaci\u00f3n estrat\u00e9gica y desarrollo local, adem\u00e1s de diez art\u00edculos en revistas indexadas. \u200b Destacan estudios sobre modelos de gesti\u00f3n, impacto social, inclusi\u00f3n de personas con discapacidad, uso de tecnolog\u00edas en educaci\u00f3n y an\u00e1lisis situacional para la proyecci\u00f3n estrat\u00e9gica. Ha liderado proyectos de investigaci\u00f3n en impacto social, innovaci\u00f3n tecnol\u00f3gica, gesti\u00f3n del conocimiento y participaci\u00f3n ciudadana, con resultados pr\u00e1cticos como plataformas de gesti\u00f3n, indicadores de impacto y modelos de marketing hol\u00edstico.<\/p>\n\n\n\n<p>Cuenta con una amplia participaci\u00f3n en congresos y simposios internacionales en EEUU, M\u00e9xico, Espa\u00f1a, Alemania, Venezuela, Colombia, Cuba, Turqu\u00eda, China y Rusia.<\/p>\n\n\n\n<p>Es el Presidente de Honor del Comit\u00e9 Cient\u00edfico Universitario, editor y director de revistas acad\u00e9micas que avanzan continuamente en su indexaci\u00f3n y reconocimiento, adem\u00e1s de colaborar en publicaciones y proyectos de investigaci\u00f3n en el marco de redes internacionales. \u200b<\/p>\n\n\n\n<p>Ha participado en programas de voluntariado, capacitaci\u00f3n, fortalecimiento institucional y acciones sociales, impulsando la formaci\u00f3n ciudadana, la inclusi\u00f3n social y el ejercicio de derechos, con \u00e9nfasis en la participaci\u00f3n social y la lucha contra la exclusi\u00f3n.<\/p>\n\n\n\n<p>Desde la Fundaci\u00f3n Metropolitana en su car\u00e1cter de Presidente Vitalicio ha desarrollado y promovido proyectos de acci\u00f3n social, fortalecimiento comunitario, derechos humanos, participaci\u00f3n ciudadana, inclusi\u00f3n social, deporte, educaci\u00f3n rural y apoyo a otras organizaciones sociales. Entre estos, destacan iniciativas en educaci\u00f3n inclusiva, fortalecimiento de derechos de personas con discapacidad, programas contra la corrupci\u00f3n, formaci\u00f3n ciudadana, voluntariado y desarrollo econ\u00f3mico local, en colaboraci\u00f3n con instituciones p\u00fablicas, privadas y organizaciones sociales.<\/p>\n\n\n\n<p>Ha recibido reconocimientos por su liderazgo en educaci\u00f3n, gesti\u00f3n institucional, participaci\u00f3n ciudadana, derechos humanos y desarrollo social, incluyendo el t\u00edtulo de Maestro Em\u00e9rito, premios de calidad, condecoraciones de la Asamblea Nacional y reconocimientos por su apoyo a la ruralidad, la inclusi\u00f3n y la participaci\u00f3n social. \u200b<\/p>\n","protected":false},"excerpt":{"rendered":"<p>Ing. Carlos Xavier Espinoza Cordero, Ph.D. Canciller de la Universidad Metropolitana. Presidente del Consejo de Regentes y Presidente de Honor del Comit\u00e9 Cient\u00edfico. P\u00e1gina personal y blog: https:\/\/carlosespinoza.ec\/ Carlos Xavier&hellip;<\/p>\n","protected":false},"author":3,"featured_media":0,"parent":2,"menu_order":0,"comment_status":"closed","ping_status":"closed","template":"","meta":{"_s2mail":"yes","footnotes":""},"class_list":["post-346","page","type-page","status-publish","hentry"],"yoast_head":"<!-- This site is optimized with the Yoast SEO plugin v27.4 - https:\/\/yoast.com\/product\/yoast-seo-wordpress\/ -->\n<title>Ing. Carlos Xavier Espinoza Cordero; Ph.D. - Blog del Rectorado<\/title>\n<meta name=\"description\" content=\"Carlos Xavier Espinoza Cordero. Canciller y Presidente del Consejo de Regentes de la Universidad Metropolitana del Ecuador.\" \/>\n<meta name=\"robots\" content=\"index, follow, max-snippet:-1, max-image-preview:large, max-video-preview:-1\" \/>\n<link rel=\"canonical\" href=\"https:\/\/rectoria.umet.edu.ec\/?page_id=346\" \/>\n<meta property=\"og:locale\" content=\"es_ES\" \/>\n<meta property=\"og:type\" content=\"article\" \/>\n<meta property=\"og:title\" content=\"Ing. Carlos Xavier Espinoza Cordero; Ph.D. - Blog del Rectorado\" \/>\n<meta property=\"og:description\" content=\"Carlos Xavier Espinoza Cordero. Canciller y Presidente del Consejo de Regentes de la Universidad Metropolitana del Ecuador.\" \/>\n<meta property=\"og:url\" content=\"https:\/\/rectoria.umet.edu.ec\/?page_id=346\" \/>\n<meta property=\"og:site_name\" content=\"Blog del Rectorado\" \/>\n<meta property=\"article:modified_time\" content=\"2026-03-20T22:37:05+00:00\" \/>\n<meta property=\"og:image\" content=\"https:\/\/rectoria.umet.edu.ec\/wp-content\/uploads\/2026\/03\/Carlos.jpg\" \/>\n\t<meta property=\"og:image:width\" content=\"601\" \/>\n\t<meta property=\"og:image:height\" content=\"401\" \/>\n\t<meta property=\"og:image:type\" content=\"image\/jpeg\" \/>\n<meta name=\"twitter:card\" content=\"summary_large_image\" \/>\n<meta name=\"twitter:label1\" content=\"Tiempo de lectura\" \/>\n\t<meta name=\"twitter:data1\" content=\"4 minutos\" \/>\n<script type=\"application\/ld+json\" class=\"yoast-schema-graph\">{\"@context\":\"https:\\\/\\\/schema.org\",\"@graph\":[{\"@type\":\"WebPage\",\"@id\":\"https:\\\/\\\/rectoria.umet.edu.ec\\\/?page_id=346\",\"url\":\"https:\\\/\\\/rectoria.umet.edu.ec\\\/?page_id=346\",\"name\":\"Ing. Carlos Xavier Espinoza Cordero; Ph.D. - Blog del Rectorado\",\"isPartOf\":{\"@id\":\"https:\\\/\\\/rectoria.umet.edu.ec\\\/#website\"},\"primaryImageOfPage\":{\"@id\":\"https:\\\/\\\/rectoria.umet.edu.ec\\\/?page_id=346#primaryimage\"},\"image\":{\"@id\":\"https:\\\/\\\/rectoria.umet.edu.ec\\\/?page_id=346#primaryimage\"},\"thumbnailUrl\":\"https:\\\/\\\/rectoria.umet.edu.ec\\\/wp-content\\\/uploads\\\/2026\\\/03\\\/Carlos.jpg\",\"datePublished\":\"2026-03-20T21:37:11+00:00\",\"dateModified\":\"2026-03-20T22:37:05+00:00\",\"description\":\"Carlos Xavier Espinoza Cordero. Canciller y Presidente del Consejo de Regentes de la Universidad Metropolitana del Ecuador.\",\"breadcrumb\":{\"@id\":\"https:\\\/\\\/rectoria.umet.edu.ec\\\/?page_id=346#breadcrumb\"},\"inLanguage\":\"es\",\"potentialAction\":[{\"@type\":\"ReadAction\",\"target\":[\"https:\\\/\\\/rectoria.umet.edu.ec\\\/?page_id=346\"]}]},{\"@type\":\"ImageObject\",\"inLanguage\":\"es\",\"@id\":\"https:\\\/\\\/rectoria.umet.edu.ec\\\/?page_id=346#primaryimage\",\"url\":\"https:\\\/\\\/rectoria.umet.edu.ec\\\/wp-content\\\/uploads\\\/2026\\\/03\\\/Carlos.jpg\",\"contentUrl\":\"https:\\\/\\\/rectoria.umet.edu.ec\\\/wp-content\\\/uploads\\\/2026\\\/03\\\/Carlos.jpg\",\"width\":601,\"height\":401},{\"@type\":\"BreadcrumbList\",\"@id\":\"https:\\\/\\\/rectoria.umet.edu.ec\\\/?page_id=346#breadcrumb\",\"itemListElement\":[{\"@type\":\"ListItem\",\"position\":1,\"name\":\"Portada\",\"item\":\"https:\\\/\\\/rectoria.umet.edu.ec\\\/\"},{\"@type\":\"ListItem\",\"position\":2,\"name\":\"Rector\u00eda\",\"item\":\"https:\\\/\\\/rectoria.umet.edu.ec\\\/?page_id=2\"},{\"@type\":\"ListItem\",\"position\":3,\"name\":\"Ing. Carlos Xavier Espinoza Cordero; Ph.D.\"}]},{\"@type\":\"WebSite\",\"@id\":\"https:\\\/\\\/rectoria.umet.edu.ec\\\/#website\",\"url\":\"https:\\\/\\\/rectoria.umet.edu.ec\\\/\",\"name\":\"Blog del Rectorado\",\"description\":\"Informaci\u00f3n del Rectorado\",\"publisher\":{\"@id\":\"https:\\\/\\\/rectoria.umet.edu.ec\\\/#organization\"},\"potentialAction\":[{\"@type\":\"SearchAction\",\"target\":{\"@type\":\"EntryPoint\",\"urlTemplate\":\"https:\\\/\\\/rectoria.umet.edu.ec\\\/?s={search_term_string}\"},\"query-input\":{\"@type\":\"PropertyValueSpecification\",\"valueRequired\":true,\"valueName\":\"search_term_string\"}}],\"inLanguage\":\"es\"},{\"@type\":\"Organization\",\"@id\":\"https:\\\/\\\/rectoria.umet.edu.ec\\\/#organization\",\"name\":\"\u016aM\u03a3T\",\"url\":\"https:\\\/\\\/rectoria.umet.edu.ec\\\/\",\"logo\":{\"@type\":\"ImageObject\",\"inLanguage\":\"es\",\"@id\":\"https:\\\/\\\/rectoria.umet.edu.ec\\\/#\\\/schema\\\/logo\\\/image\\\/\",\"url\":\"https:\\\/\\\/rectorado.umet.edu.ec\\\/wp-content\\\/uploads\\\/2026\\\/02\\\/LOGOTIPO-PRINCIPAL-HORIZONTAL.png\",\"contentUrl\":\"https:\\\/\\\/rectorado.umet.edu.ec\\\/wp-content\\\/uploads\\\/2026\\\/02\\\/LOGOTIPO-PRINCIPAL-HORIZONTAL.png\",\"width\":1379,\"height\":304,\"caption\":\"\u016aM\u03a3T\"},\"image\":{\"@id\":\"https:\\\/\\\/rectoria.umet.edu.ec\\\/#\\\/schema\\\/logo\\\/image\\\/\"}}]}<\/script>\n<!-- \/ Yoast SEO plugin. -->","yoast_head_json":{"title":"Ing. Carlos Xavier Espinoza Cordero; Ph.D. - Blog del Rectorado","description":"Carlos Xavier Espinoza Cordero. Canciller y Presidente del Consejo de Regentes de la Universidad Metropolitana del Ecuador.","robots":{"index":"index","follow":"follow","max-snippet":"max-snippet:-1","max-image-preview":"max-image-preview:large","max-video-preview":"max-video-preview:-1"},"canonical":"https:\/\/rectoria.umet.edu.ec\/?page_id=346","og_locale":"es_ES","og_type":"article","og_title":"Ing. Carlos Xavier Espinoza Cordero; Ph.D. - Blog del Rectorado","og_description":"Carlos Xavier Espinoza Cordero. Canciller y Presidente del Consejo de Regentes de la Universidad Metropolitana del Ecuador.","og_url":"https:\/\/rectoria.umet.edu.ec\/?page_id=346","og_site_name":"Blog del Rectorado","article_modified_time":"2026-03-20T22:37:05+00:00","og_image":[{"width":601,"height":401,"url":"https:\/\/rectoria.umet.edu.ec\/wp-content\/uploads\/2026\/03\/Carlos.jpg","type":"image\/jpeg"}],"twitter_card":"summary_large_image","twitter_misc":{"Tiempo de lectura":"4 minutos"},"schema":{"@context":"https:\/\/schema.org","@graph":[{"@type":"WebPage","@id":"https:\/\/rectoria.umet.edu.ec\/?page_id=346","url":"https:\/\/rectoria.umet.edu.ec\/?page_id=346","name":"Ing. Carlos Xavier Espinoza Cordero; Ph.D. - Blog del Rectorado","isPartOf":{"@id":"https:\/\/rectoria.umet.edu.ec\/#website"},"primaryImageOfPage":{"@id":"https:\/\/rectoria.umet.edu.ec\/?page_id=346#primaryimage"},"image":{"@id":"https:\/\/rectoria.umet.edu.ec\/?page_id=346#primaryimage"},"thumbnailUrl":"https:\/\/rectoria.umet.edu.ec\/wp-content\/uploads\/2026\/03\/Carlos.jpg","datePublished":"2026-03-20T21:37:11+00:00","dateModified":"2026-03-20T22:37:05+00:00","description":"Carlos Xavier Espinoza Cordero. Canciller y Presidente del Consejo de Regentes de la Universidad Metropolitana del Ecuador.","breadcrumb":{"@id":"https:\/\/rectoria.umet.edu.ec\/?page_id=346#breadcrumb"},"inLanguage":"es","potentialAction":[{"@type":"ReadAction","target":["https:\/\/rectoria.umet.edu.ec\/?page_id=346"]}]},{"@type":"ImageObject","inLanguage":"es","@id":"https:\/\/rectoria.umet.edu.ec\/?page_id=346#primaryimage","url":"https:\/\/rectoria.umet.edu.ec\/wp-content\/uploads\/2026\/03\/Carlos.jpg","contentUrl":"https:\/\/rectoria.umet.edu.ec\/wp-content\/uploads\/2026\/03\/Carlos.jpg","width":601,"height":401},{"@type":"BreadcrumbList","@id":"https:\/\/rectoria.umet.edu.ec\/?page_id=346#breadcrumb","itemListElement":[{"@type":"ListItem","position":1,"name":"Portada","item":"https:\/\/rectoria.umet.edu.ec\/"},{"@type":"ListItem","position":2,"name":"Rector\u00eda","item":"https:\/\/rectoria.umet.edu.ec\/?page_id=2"},{"@type":"ListItem","position":3,"name":"Ing. Carlos Xavier Espinoza Cordero; Ph.D."}]},{"@type":"WebSite","@id":"https:\/\/rectoria.umet.edu.ec\/#website","url":"https:\/\/rectoria.umet.edu.ec\/","name":"Blog del Rectorado","description":"Informaci\u00f3n del Rectorado","publisher":{"@id":"https:\/\/rectoria.umet.edu.ec\/#organization"},"potentialAction":[{"@type":"SearchAction","target":{"@type":"EntryPoint","urlTemplate":"https:\/\/rectoria.umet.edu.ec\/?s={search_term_string}"},"query-input":{"@type":"PropertyValueSpecification","valueRequired":true,"valueName":"search_term_string"}}],"inLanguage":"es"},{"@type":"Organization","@id":"https:\/\/rectoria.umet.edu.ec\/#organization","name":"\u016aM\u03a3T","url":"https:\/\/rectoria.umet.edu.ec\/","logo":{"@type":"ImageObject","inLanguage":"es","@id":"https:\/\/rectoria.umet.edu.ec\/#\/schema\/logo\/image\/","url":"https:\/\/rectorado.umet.edu.ec\/wp-content\/uploads\/2026\/02\/LOGOTIPO-PRINCIPAL-HORIZONTAL.png","contentUrl":"https:\/\/rectorado.umet.edu.ec\/wp-content\/uploads\/2026\/02\/LOGOTIPO-PRINCIPAL-HORIZONTAL.png","width":1379,"height":304,"caption":"\u016aM\u03a3T"},"image":{"@id":"https:\/\/rectoria.umet.edu.ec\/#\/schema\/logo\/image\/"}}]}},"jetpack_sharing_enabled":true,"post_mailing_queue_ids":[],"_links":{"self":[{"href":"https:\/\/rectoria.umet.edu.ec\/index.php?rest_route=\/wp\/v2\/pages\/346","targetHints":{"allow":["GET"]}}],"collection":[{"href":"https:\/\/rectoria.umet.edu.ec\/index.php?rest_route=\/wp\/v2\/pages"}],"about":[{"href":"https:\/\/rectoria.umet.edu.ec\/index.php?rest_route=\/wp\/v2\/types\/page"}],"author":[{"embeddable":true,"href":"https:\/\/rectoria.umet.edu.ec\/index.php?rest_route=\/wp\/v2\/users\/3"}],"replies":[{"embeddable":true,"href":"https:\/\/rectoria.umet.edu.ec\/index.php?rest_route=%2Fwp%2Fv2%2Fcomments&post=346"}],"version-history":[{"count":3,"href":"https:\/\/rectoria.umet.edu.ec\/index.php?rest_route=\/wp\/v2\/pages\/346\/revisions"}],"predecessor-version":[{"id":354,"href":"https:\/\/rectoria.umet.edu.ec\/index.php?rest_route=\/wp\/v2\/pages\/346\/revisions\/354"}],"up":[{"embeddable":true,"href":"https:\/\/rectoria.umet.edu.ec\/index.php?rest_route=\/wp\/v2\/pages\/2"}],"wp:attachment":[{"href":"https:\/\/rectoria.umet.edu.ec\/index.php?rest_route=%2Fwp%2Fv2%2Fmedia&parent=346"}],"curies":[{"name":"wp","href":"https:\/\/api.w.org\/{rel}","templated":true}]}}