{"id":330,"date":"2026-03-19T18:35:39","date_gmt":"2026-03-19T23:35:39","guid":{"rendered":"https:\/\/rectoria.umet.edu.ec\/?page_id=330"},"modified":"2026-03-19T18:41:30","modified_gmt":"2026-03-19T23:41:30","slug":"vicerrector-administrativo-umet","status":"publish","type":"page","link":"https:\/\/rectoria.umet.edu.ec\/?page_id=330","title":{"rendered":"Ing. Diego Abraham Cueva Gaibor, Mgs."},"content":{"rendered":"\n<div class=\"wp-block-media-text is-stacked-on-mobile\" style=\"grid-template-columns:33% auto\"><figure class=\"wp-block-media-text__media\"><img loading=\"lazy\" decoding=\"async\" width=\"820\" height=\"1024\" src=\"https:\/\/rectoria.umet.edu.ec\/wp-content\/uploads\/2026\/03\/foto-blog.jpg\" alt=\"\" class=\"wp-image-331 size-full\" srcset=\"https:\/\/rectoria.umet.edu.ec\/wp-content\/uploads\/2026\/03\/foto-blog.jpg 820w, https:\/\/rectoria.umet.edu.ec\/wp-content\/uploads\/2026\/03\/foto-blog-240x300.jpg 240w, https:\/\/rectoria.umet.edu.ec\/wp-content\/uploads\/2026\/03\/foto-blog-768x959.jpg 768w\" sizes=\"auto, (max-width: 820px) 100vw, 820px\" \/><\/figure><div class=\"wp-block-media-text__content\">\n<p class=\"has-medium-font-size\"><strong>Ing. Diego Abraham Cueva Gaibor, Mgs.<\/strong><\/p>\n\n\n\n<p>Vicerrector Administrativo.<\/p>\n<\/div><\/div>\n\n\n\n<p><strong>Diego Abraham Cueva Gaibor<\/strong> es Ingeniero en Negocios Internacionales, con m\u00e1s de quince a\u00f1os de vida laboral dedicados al sector de la educaci\u00f3n superior en Ecuador. Ocup\u00f3 los cargos de Director Ejecutivo del Consejo de Regentes, Director General y Secretario General T\u00e9cnico en la Universidad Metropolitana del Ecuador.<\/p>\n\n\n\n<p>Cuenta con formaci\u00f3n de maestr\u00eda en Contabilidad y Finanzas, Administraci\u00f3n de Empresas (MBA), as\u00ed como en Gesti\u00f3n Comercial y Marketing. Posee una especializaci\u00f3n de alto nivel en el Programa de Gobernabilidad, Gerencia Pol\u00edtica y Gesti\u00f3n P\u00fablica por la Universidad George Washington (GWU) y el Banco de Desarrollo de Am\u00e9rica Latina (CAF). Cuenta adem\u00e1s con una amplia formaci\u00f3n complementaria profesional en normativa de educaci\u00f3n superior, planificaci\u00f3n estrat\u00e9gica, prospectiva, inteligencia de negocios, derecho administrativo, mercadotecnia, finanzas, producci\u00f3n educativa y relaciones internacionales.<\/p>\n\n\n\n<p>Colabor\u00f3 en procesos de internacionalizaci\u00f3n y gesti\u00f3n acad\u00e9mica con instituciones de diversos pa\u00edses, estableciendo m\u00e1s de treinta y cinco alianzas estrat\u00e9gicas para la UMET. Se destaca como un referente en el desarrollo de programas educativos innovadores y disruptivos; es uno de los art\u00edfices de los modelos de educaci\u00f3n modular dirigidos a personas con experiencia profesional que carec\u00edan de t\u00edtulos, logrando la graduaci\u00f3n de m\u00e1s de 5000 profesionales mediante esquemas de aprendizaje flexibles de vanguardia. Asimismo, fungi\u00f3 como Director del Centro de Posgrado y Educaci\u00f3n Continua.<\/p>\n\n\n\n<p>Particip\u00f3 en actividades de programas y redes acad\u00e9micas auspiciadas por organismos internacionales y multilaterales como la OEA, la OEI y el Parlamento Andino, dirigidos a la cooperaci\u00f3n acad\u00e9mica, la movilidad docente y estudiantil, y el fortalecimiento de la calidad educativa. Particip\u00f3 en el dise\u00f1o e implementaci\u00f3n de programas de compromiso social y educaci\u00f3n inclusiva en el marco de proyectos nacionales de desarrollo socioecon\u00f3mico.<\/p>\n\n\n\n<p>En los \u00faltimos a\u00f1os se ha desempe\u00f1ado como Director General y actualmente como Vicerrector Administrativo en la Universidad Metropolitana del Ecuador, instituci\u00f3n en la que ha laborado intensamente por la sostenibilidad financiera, la optimizaci\u00f3n de procesos operativos, el redimensionamiento institucional bajo enfoques educativos disruptivos, la transformaci\u00f3n digital y la internacionalizaci\u00f3n, as\u00ed como la mejora continua de la gesti\u00f3n administrativa en apoyo a las funciones sustantivas.<\/p>\n\n\n\n<p>En su trayectoria acad\u00e9mica cuenta con art\u00edculos publicados en revistas cient\u00edficas indexadas, destacando sus contribuciones sobre el impacto de la inteligencia artificial, la digitalizaci\u00f3n y la atenci\u00f3n a necesidades educativas especiales. Asimismo, ha presentado ponencias y ha participado en foros internacionales de tecnolog\u00eda y educaci\u00f3n, destacando su participaci\u00f3n en el CES Las Vegas, la Coursera Partners Conference en Silicon Valley y el IFE en el Instituto Tecnol\u00f3gico de Monterrey.<\/p>\n\n\n\n<p>Ha promovido acciones y alianzas estrat\u00e9gicas con entidades de gobierno, el Ministerio de Desarrollo Humano (MDH), el Ministerio de Trabajo, el Consejo Nacional para la Igualdad de Discapacidades (CONADIS), organismos del Estado, empresas y comunidades en Ecuador, destacando el programa de becas institucionales para sectores vulnerables y la promoci\u00f3n de la educaci\u00f3n.<\/p>\n\n\n\n<p>Ha recibido distinciones y reconocimientos internacionales de organismos nacionales de ciencia, universidades y organizaciones; recientemente fue acreedor de la distinci\u00f3n honor\u00edfica &#8220;Livery Collar No. 22&#8221; por sus aportes a la investigaci\u00f3n en paz y educaci\u00f3n, as\u00ed como menciones de honor otorgadas por el Parlamento Andino por su labor en favor del desarrollo sostenible.<\/p>\n","protected":false},"excerpt":{"rendered":"<p>Ing. Diego Abraham Cueva Gaibor, Mgs. Vicerrector Administrativo. Diego Abraham Cueva Gaibor es Ingeniero en Negocios Internacionales, con m\u00e1s de quince a\u00f1os de vida laboral dedicados al sector de la&hellip;<\/p>\n","protected":false},"author":3,"featured_media":0,"parent":2,"menu_order":0,"comment_status":"closed","ping_status":"closed","template":"","meta":{"_s2mail":"yes","footnotes":""},"class_list":["post-330","page","type-page","status-publish","hentry"],"yoast_head":"<!-- This site is optimized with the Yoast SEO plugin v27.4 - https:\/\/yoast.com\/product\/yoast-seo-wordpress\/ -->\n<title>Ing. Diego Abraham Cueva Gaibor, Mgs. - Blog del Rectorado Universidad Metropolitana del Ecuador<\/title>\n<meta name=\"description\" content=\"Mgs. Diego Abraham Cueva Gaibor. Vicerrector Administrativo de la Universidad Metropolitana del Ecuador para el per\u00edodo 2025 - 2030.\" \/>\n<meta name=\"robots\" content=\"index, follow, max-snippet:-1, max-image-preview:large, max-video-preview:-1\" \/>\n<link rel=\"canonical\" href=\"https:\/\/rectoria.umet.edu.ec\/?page_id=330\" \/>\n<meta property=\"og:locale\" content=\"es_ES\" \/>\n<meta property=\"og:type\" content=\"article\" \/>\n<meta property=\"og:title\" content=\"Ing. Diego Abraham Cueva Gaibor, Mgs. - Blog del Rectorado Universidad Metropolitana del Ecuador\" \/>\n<meta property=\"og:description\" content=\"Mgs. Diego Abraham Cueva Gaibor. Vicerrector Administrativo de la Universidad Metropolitana del Ecuador para el per\u00edodo 2025 - 2030.\" \/>\n<meta property=\"og:url\" content=\"https:\/\/rectoria.umet.edu.ec\/?page_id=330\" \/>\n<meta property=\"og:site_name\" content=\"Blog del Rectorado\" \/>\n<meta property=\"article:modified_time\" content=\"2026-03-19T23:41:30+00:00\" \/>\n<meta property=\"og:image\" content=\"https:\/\/rectoria.umet.edu.ec\/wp-content\/uploads\/2026\/03\/foto-blog.jpg\" \/>\n\t<meta property=\"og:image:width\" content=\"820\" \/>\n\t<meta property=\"og:image:height\" content=\"1024\" \/>\n\t<meta property=\"og:image:type\" content=\"image\/jpeg\" \/>\n<meta name=\"twitter:card\" content=\"summary_large_image\" \/>\n<meta name=\"twitter:label1\" content=\"Tiempo de lectura\" \/>\n\t<meta name=\"twitter:data1\" content=\"3 minutos\" \/>\n<script type=\"application\/ld+json\" class=\"yoast-schema-graph\">{\"@context\":\"https:\\\/\\\/schema.org\",\"@graph\":[{\"@type\":\"WebPage\",\"@id\":\"https:\\\/\\\/rectoria.umet.edu.ec\\\/?page_id=330\",\"url\":\"https:\\\/\\\/rectoria.umet.edu.ec\\\/?page_id=330\",\"name\":\"Ing. Diego Abraham Cueva Gaibor, Mgs. - Blog del Rectorado Universidad Metropolitana del Ecuador\",\"isPartOf\":{\"@id\":\"https:\\\/\\\/rectoria.umet.edu.ec\\\/#website\"},\"primaryImageOfPage\":{\"@id\":\"https:\\\/\\\/rectoria.umet.edu.ec\\\/?page_id=330#primaryimage\"},\"image\":{\"@id\":\"https:\\\/\\\/rectoria.umet.edu.ec\\\/?page_id=330#primaryimage\"},\"thumbnailUrl\":\"https:\\\/\\\/rectoria.umet.edu.ec\\\/wp-content\\\/uploads\\\/2026\\\/03\\\/foto-blog.jpg\",\"datePublished\":\"2026-03-19T23:35:39+00:00\",\"dateModified\":\"2026-03-19T23:41:30+00:00\",\"description\":\"Mgs. Diego Abraham Cueva Gaibor. Vicerrector Administrativo de la Universidad Metropolitana del Ecuador para el per\u00edodo 2025 - 2030.\",\"breadcrumb\":{\"@id\":\"https:\\\/\\\/rectoria.umet.edu.ec\\\/?page_id=330#breadcrumb\"},\"inLanguage\":\"es\",\"potentialAction\":[{\"@type\":\"ReadAction\",\"target\":[\"https:\\\/\\\/rectoria.umet.edu.ec\\\/?page_id=330\"]}]},{\"@type\":\"ImageObject\",\"inLanguage\":\"es\",\"@id\":\"https:\\\/\\\/rectoria.umet.edu.ec\\\/?page_id=330#primaryimage\",\"url\":\"https:\\\/\\\/rectoria.umet.edu.ec\\\/wp-content\\\/uploads\\\/2026\\\/03\\\/foto-blog.jpg\",\"contentUrl\":\"https:\\\/\\\/rectoria.umet.edu.ec\\\/wp-content\\\/uploads\\\/2026\\\/03\\\/foto-blog.jpg\",\"width\":820,\"height\":1024},{\"@type\":\"BreadcrumbList\",\"@id\":\"https:\\\/\\\/rectoria.umet.edu.ec\\\/?page_id=330#breadcrumb\",\"itemListElement\":[{\"@type\":\"ListItem\",\"position\":1,\"name\":\"Portada\",\"item\":\"https:\\\/\\\/rectoria.umet.edu.ec\\\/\"},{\"@type\":\"ListItem\",\"position\":2,\"name\":\"Rector\u00eda\",\"item\":\"https:\\\/\\\/rectoria.umet.edu.ec\\\/?page_id=2\"},{\"@type\":\"ListItem\",\"position\":3,\"name\":\"Ing. Diego Abraham Cueva Gaibor, Mgs.\"}]},{\"@type\":\"WebSite\",\"@id\":\"https:\\\/\\\/rectoria.umet.edu.ec\\\/#website\",\"url\":\"https:\\\/\\\/rectoria.umet.edu.ec\\\/\",\"name\":\"Blog del Rectorado\",\"description\":\"Informaci\u00f3n del Rectorado\",\"publisher\":{\"@id\":\"https:\\\/\\\/rectoria.umet.edu.ec\\\/#organization\"},\"potentialAction\":[{\"@type\":\"SearchAction\",\"target\":{\"@type\":\"EntryPoint\",\"urlTemplate\":\"https:\\\/\\\/rectoria.umet.edu.ec\\\/?s={search_term_string}\"},\"query-input\":{\"@type\":\"PropertyValueSpecification\",\"valueRequired\":true,\"valueName\":\"search_term_string\"}}],\"inLanguage\":\"es\"},{\"@type\":\"Organization\",\"@id\":\"https:\\\/\\\/rectoria.umet.edu.ec\\\/#organization\",\"name\":\"\u016aM\u03a3T\",\"url\":\"https:\\\/\\\/rectoria.umet.edu.ec\\\/\",\"logo\":{\"@type\":\"ImageObject\",\"inLanguage\":\"es\",\"@id\":\"https:\\\/\\\/rectoria.umet.edu.ec\\\/#\\\/schema\\\/logo\\\/image\\\/\",\"url\":\"https:\\\/\\\/rectorado.umet.edu.ec\\\/wp-content\\\/uploads\\\/2026\\\/02\\\/LOGOTIPO-PRINCIPAL-HORIZONTAL.png\",\"contentUrl\":\"https:\\\/\\\/rectorado.umet.edu.ec\\\/wp-content\\\/uploads\\\/2026\\\/02\\\/LOGOTIPO-PRINCIPAL-HORIZONTAL.png\",\"width\":1379,\"height\":304,\"caption\":\"\u016aM\u03a3T\"},\"image\":{\"@id\":\"https:\\\/\\\/rectoria.umet.edu.ec\\\/#\\\/schema\\\/logo\\\/image\\\/\"}}]}<\/script>\n<!-- \/ Yoast SEO plugin. -->","yoast_head_json":{"title":"Ing. Diego Abraham Cueva Gaibor, Mgs. - Blog del Rectorado Universidad Metropolitana del Ecuador","description":"Mgs. Diego Abraham Cueva Gaibor. Vicerrector Administrativo de la Universidad Metropolitana del Ecuador para el per\u00edodo 2025 - 2030.","robots":{"index":"index","follow":"follow","max-snippet":"max-snippet:-1","max-image-preview":"max-image-preview:large","max-video-preview":"max-video-preview:-1"},"canonical":"https:\/\/rectoria.umet.edu.ec\/?page_id=330","og_locale":"es_ES","og_type":"article","og_title":"Ing. Diego Abraham Cueva Gaibor, Mgs. - Blog del Rectorado Universidad Metropolitana del Ecuador","og_description":"Mgs. Diego Abraham Cueva Gaibor. Vicerrector Administrativo de la Universidad Metropolitana del Ecuador para el per\u00edodo 2025 - 2030.","og_url":"https:\/\/rectoria.umet.edu.ec\/?page_id=330","og_site_name":"Blog del Rectorado","article_modified_time":"2026-03-19T23:41:30+00:00","og_image":[{"width":820,"height":1024,"url":"https:\/\/rectoria.umet.edu.ec\/wp-content\/uploads\/2026\/03\/foto-blog.jpg","type":"image\/jpeg"}],"twitter_card":"summary_large_image","twitter_misc":{"Tiempo de lectura":"3 minutos"},"schema":{"@context":"https:\/\/schema.org","@graph":[{"@type":"WebPage","@id":"https:\/\/rectoria.umet.edu.ec\/?page_id=330","url":"https:\/\/rectoria.umet.edu.ec\/?page_id=330","name":"Ing. Diego Abraham Cueva Gaibor, Mgs. - Blog del Rectorado Universidad Metropolitana del Ecuador","isPartOf":{"@id":"https:\/\/rectoria.umet.edu.ec\/#website"},"primaryImageOfPage":{"@id":"https:\/\/rectoria.umet.edu.ec\/?page_id=330#primaryimage"},"image":{"@id":"https:\/\/rectoria.umet.edu.ec\/?page_id=330#primaryimage"},"thumbnailUrl":"https:\/\/rectoria.umet.edu.ec\/wp-content\/uploads\/2026\/03\/foto-blog.jpg","datePublished":"2026-03-19T23:35:39+00:00","dateModified":"2026-03-19T23:41:30+00:00","description":"Mgs. Diego Abraham Cueva Gaibor. Vicerrector Administrativo de la Universidad Metropolitana del Ecuador para el per\u00edodo 2025 - 2030.","breadcrumb":{"@id":"https:\/\/rectoria.umet.edu.ec\/?page_id=330#breadcrumb"},"inLanguage":"es","potentialAction":[{"@type":"ReadAction","target":["https:\/\/rectoria.umet.edu.ec\/?page_id=330"]}]},{"@type":"ImageObject","inLanguage":"es","@id":"https:\/\/rectoria.umet.edu.ec\/?page_id=330#primaryimage","url":"https:\/\/rectoria.umet.edu.ec\/wp-content\/uploads\/2026\/03\/foto-blog.jpg","contentUrl":"https:\/\/rectoria.umet.edu.ec\/wp-content\/uploads\/2026\/03\/foto-blog.jpg","width":820,"height":1024},{"@type":"BreadcrumbList","@id":"https:\/\/rectoria.umet.edu.ec\/?page_id=330#breadcrumb","itemListElement":[{"@type":"ListItem","position":1,"name":"Portada","item":"https:\/\/rectoria.umet.edu.ec\/"},{"@type":"ListItem","position":2,"name":"Rector\u00eda","item":"https:\/\/rectoria.umet.edu.ec\/?page_id=2"},{"@type":"ListItem","position":3,"name":"Ing. Diego Abraham Cueva Gaibor, Mgs."}]},{"@type":"WebSite","@id":"https:\/\/rectoria.umet.edu.ec\/#website","url":"https:\/\/rectoria.umet.edu.ec\/","name":"Blog del Rectorado","description":"Informaci\u00f3n del Rectorado","publisher":{"@id":"https:\/\/rectoria.umet.edu.ec\/#organization"},"potentialAction":[{"@type":"SearchAction","target":{"@type":"EntryPoint","urlTemplate":"https:\/\/rectoria.umet.edu.ec\/?s={search_term_string}"},"query-input":{"@type":"PropertyValueSpecification","valueRequired":true,"valueName":"search_term_string"}}],"inLanguage":"es"},{"@type":"Organization","@id":"https:\/\/rectoria.umet.edu.ec\/#organization","name":"\u016aM\u03a3T","url":"https:\/\/rectoria.umet.edu.ec\/","logo":{"@type":"ImageObject","inLanguage":"es","@id":"https:\/\/rectoria.umet.edu.ec\/#\/schema\/logo\/image\/","url":"https:\/\/rectorado.umet.edu.ec\/wp-content\/uploads\/2026\/02\/LOGOTIPO-PRINCIPAL-HORIZONTAL.png","contentUrl":"https:\/\/rectorado.umet.edu.ec\/wp-content\/uploads\/2026\/02\/LOGOTIPO-PRINCIPAL-HORIZONTAL.png","width":1379,"height":304,"caption":"\u016aM\u03a3T"},"image":{"@id":"https:\/\/rectoria.umet.edu.ec\/#\/schema\/logo\/image\/"}}]}},"jetpack_sharing_enabled":true,"post_mailing_queue_ids":[],"_links":{"self":[{"href":"https:\/\/rectoria.umet.edu.ec\/index.php?rest_route=\/wp\/v2\/pages\/330","targetHints":{"allow":["GET"]}}],"collection":[{"href":"https:\/\/rectoria.umet.edu.ec\/index.php?rest_route=\/wp\/v2\/pages"}],"about":[{"href":"https:\/\/rectoria.umet.edu.ec\/index.php?rest_route=\/wp\/v2\/types\/page"}],"author":[{"embeddable":true,"href":"https:\/\/rectoria.umet.edu.ec\/index.php?rest_route=\/wp\/v2\/users\/3"}],"replies":[{"embeddable":true,"href":"https:\/\/rectoria.umet.edu.ec\/index.php?rest_route=%2Fwp%2Fv2%2Fcomments&post=330"}],"version-history":[{"count":3,"href":"https:\/\/rectoria.umet.edu.ec\/index.php?rest_route=\/wp\/v2\/pages\/330\/revisions"}],"predecessor-version":[{"id":335,"href":"https:\/\/rectoria.umet.edu.ec\/index.php?rest_route=\/wp\/v2\/pages\/330\/revisions\/335"}],"up":[{"embeddable":true,"href":"https:\/\/rectoria.umet.edu.ec\/index.php?rest_route=\/wp\/v2\/pages\/2"}],"wp:attachment":[{"href":"https:\/\/rectoria.umet.edu.ec\/index.php?rest_route=%2Fwp%2Fv2%2Fmedia&parent=330"}],"curies":[{"name":"wp","href":"https:\/\/api.w.org\/{rel}","templated":true}]}}