{"id":310,"date":"2026-03-19T15:11:22","date_gmt":"2026-03-19T20:11:22","guid":{"rendered":"https:\/\/rectoria.umet.edu.ec\/?page_id=310"},"modified":"2026-03-30T18:17:24","modified_gmt":"2026-03-30T23:17:24","slug":"dr-mauricio-lopez-ochoa-mgs","status":"publish","type":"page","link":"https:\/\/rectoria.umet.edu.ec\/?page_id=310","title":{"rendered":"Dr. Mauricio L\u00f3pez Ochoa, Mgs."},"content":{"rendered":"\n<div class=\"wp-block-media-text is-stacked-on-mobile\" style=\"grid-template-columns:31% auto\"><figure class=\"wp-block-media-text__media\"><img loading=\"lazy\" decoding=\"async\" width=\"682\" height=\"1024\" src=\"https:\/\/rectoria.umet.edu.ec\/wp-content\/uploads\/2026\/03\/WhatsApp-Image-2026-03-19-at-2.06.17-PM-682x1024.jpeg\" alt=\"\" class=\"wp-image-307 size-full\" srcset=\"https:\/\/rectoria.umet.edu.ec\/wp-content\/uploads\/2026\/03\/WhatsApp-Image-2026-03-19-at-2.06.17-PM-682x1024.jpeg 682w, https:\/\/rectoria.umet.edu.ec\/wp-content\/uploads\/2026\/03\/WhatsApp-Image-2026-03-19-at-2.06.17-PM-200x300.jpeg 200w, https:\/\/rectoria.umet.edu.ec\/wp-content\/uploads\/2026\/03\/WhatsApp-Image-2026-03-19-at-2.06.17-PM-768x1153.jpeg 768w, https:\/\/rectoria.umet.edu.ec\/wp-content\/uploads\/2026\/03\/WhatsApp-Image-2026-03-19-at-2.06.17-PM.jpeg 842w\" sizes=\"auto, (max-width: 682px) 100vw, 682px\" \/><\/figure><div class=\"wp-block-media-text__content\">\n<p class=\"has-medium-font-size\"><strong>Dr. Mauricio L\u00f3pez Ochoa, Mgs<\/strong>.<\/p>\n\n\n\n<p>Procurador Nacional de la UMET<\/p>\n<\/div><\/div>\n\n\n\n<p><strong>Mauricio L\u00f3pez Ochoa<\/strong> es Licenciado en Ciencias P\u00fablicas y Sociales, Doctor en Jurisprudencia y Abogado de los Tribunales y Juzgados de la Rep\u00fablica por la Universidad Central del Ecuador. Es Mag\u00edster en Derecho con menci\u00f3n en Derecho Financiero, Burs\u00e1til y de Seguros por la Universidad Andina Sim\u00f3n Bol\u00edvar, sede Ecuador.<\/p>\n\n\n\n<p>Cuenta con una s\u00f3lida trayectoria profesional en el ejercicio jur\u00eddico, con especializaci\u00f3n en derecho civil, laboral, constitucional y administrativo.<\/p>\n\n\n\n<p>Actualmente se desempe\u00f1a como Procurador Nacional y docente de la Universidad Metropolitana, y es Miembro activo del Instituto Ecuatoriano de Derecho Procesal (IEDP).<\/p>\n\n\n\n<p>Su trayectoria profesional supera las dos d\u00e9cadas e integra experiencia en gesti\u00f3n p\u00fablica, asesor\u00eda jur\u00eddica, consultor\u00eda externa y educaci\u00f3n superior, lo que le ha permitido desarrollar una visi\u00f3n integral del ejercicio jur\u00eddico y de la gesti\u00f3n institucional.<\/p>\n\n\n\n<p>Desde 2017 mantiene vinculaci\u00f3n con la Universidad Metropolitana, donde cumple responsabilidades acad\u00e9micas y de procuraci\u00f3n institucional, contribuyendo al fortalecimiento de la seguridad jur\u00eddica, la gesti\u00f3n normativa y el acompa\u00f1amiento legal estrat\u00e9gico de la instituci\u00f3n.<\/p>\n\n\n\n<p>En el \u00e1mbito acad\u00e9mico ha complementado su formaci\u00f3n con estudios en derecho arbitral, medios alternativos de soluci\u00f3n de conflictos, derecho procesal, protecci\u00f3n de datos personales y participa activamente en dise\u00f1o curricular en educaci\u00f3n superior.<\/p>\n\n\n\n<p>Asimismo, ha participado como capacitador y ponente en espacios especializados, entre ellos el Instituto Ecuatoriano de Derecho Procesal, Legal Group y la Universidad Tecnol\u00f3gica Equinoccial (UTE), entre otros.<\/p>\n\n\n\n<p>Su producci\u00f3n intelectual comprende art\u00edculos especializados y obras jur\u00eddicas en temas de derecho procesal, casaci\u00f3n, reconvenci\u00f3n, contratos civiles, derecho de seguros, contratos inteligentes y protecci\u00f3n de datos personales.<\/p>\n\n\n\n<p>Entre sus publicaciones destaca el libro La acci\u00f3n directa y el llamamiento en garant\u00eda en la legislaci\u00f3n ecuatoriana, as\u00ed como art\u00edculos en revistas jur\u00eddicas especializadas, entre ellos Naturaleza jur\u00eddica de la reconvenci\u00f3n, La crisis del recurso de casaci\u00f3n en Ecuador, El impacto de la tecnolog\u00eda en los contratos civiles y La protecci\u00f3n de datos personales m\u00e1s all\u00e1 de la ley: liderazgo institucional en la gesti\u00f3n de riesgos de privacidad, adem\u00e1s de trabajos publicados entre 2016 y 2026.<\/p>\n\n\n\n<p>Tambi\u00e9n ha participado como ponente en eventos acad\u00e9micos y ha dirigido trabajos de titulaci\u00f3n de licenciatura y maestr\u00eda.<\/p>\n\n\n\n<p>Desde su labor en la Universidad Metropolitana aporta con rigor t\u00e9cnico, criterio jur\u00eddico y vocaci\u00f3n acad\u00e9mica al desarrollo institucional, la formaci\u00f3n de futuros profesionales del derecho y la consolidaci\u00f3n de una gesti\u00f3n universitaria sustentada en la legalidad, la \u00e9tica y la mejora continua.<\/p>\n","protected":false},"excerpt":{"rendered":"<p>Dr. Mauricio L\u00f3pez Ochoa, Mgs. Procurador Nacional de la UMET Mauricio L\u00f3pez Ochoa es Licenciado en Ciencias P\u00fablicas y Sociales, Doctor en Jurisprudencia y Abogado de los Tribunales y Juzgados&hellip;<\/p>\n","protected":false},"author":3,"featured_media":0,"parent":2,"menu_order":0,"comment_status":"closed","ping_status":"closed","template":"","meta":{"_s2mail":"yes","footnotes":""},"class_list":["post-310","page","type-page","status-publish","hentry"],"yoast_head":"<!-- This site is optimized with the Yoast SEO plugin v27.4 - https:\/\/yoast.com\/product\/yoast-seo-wordpress\/ -->\n<title>Dr. Mauricio L\u00f3pez Ochoa, Mgs. - Blog del Rectorado<\/title>\n<meta name=\"description\" content=\"Procurador General de la Universidad Metropolitana.\" \/>\n<meta name=\"robots\" content=\"index, follow, max-snippet:-1, max-image-preview:large, max-video-preview:-1\" \/>\n<link rel=\"canonical\" href=\"https:\/\/rectoria.umet.edu.ec\/?page_id=310\" \/>\n<meta property=\"og:locale\" content=\"es_ES\" \/>\n<meta property=\"og:type\" content=\"article\" \/>\n<meta property=\"og:title\" content=\"Dr. Mauricio L\u00f3pez Ochoa, Mgs. - Blog del Rectorado\" \/>\n<meta property=\"og:description\" content=\"Procurador General de la Universidad Metropolitana.\" \/>\n<meta property=\"og:url\" content=\"https:\/\/rectoria.umet.edu.ec\/?page_id=310\" \/>\n<meta property=\"og:site_name\" content=\"Blog del Rectorado\" \/>\n<meta property=\"article:modified_time\" content=\"2026-03-30T23:17:24+00:00\" \/>\n<meta property=\"og:image\" content=\"https:\/\/rectoria.umet.edu.ec\/wp-content\/uploads\/2026\/03\/WhatsApp-Image-2026-03-19-at-2.06.17-PM.jpeg\" \/>\n\t<meta property=\"og:image:width\" content=\"842\" \/>\n\t<meta property=\"og:image:height\" content=\"1264\" \/>\n\t<meta property=\"og:image:type\" content=\"image\/jpeg\" \/>\n<meta name=\"twitter:card\" content=\"summary_large_image\" \/>\n<meta name=\"twitter:label1\" content=\"Tiempo de lectura\" \/>\n\t<meta name=\"twitter:data1\" content=\"3 minutos\" \/>\n<script type=\"application\/ld+json\" class=\"yoast-schema-graph\">{\"@context\":\"https:\\\/\\\/schema.org\",\"@graph\":[{\"@type\":\"WebPage\",\"@id\":\"https:\\\/\\\/rectoria.umet.edu.ec\\\/?page_id=310\",\"url\":\"https:\\\/\\\/rectoria.umet.edu.ec\\\/?page_id=310\",\"name\":\"Dr. Mauricio L\u00f3pez Ochoa, Mgs. - Blog del Rectorado\",\"isPartOf\":{\"@id\":\"https:\\\/\\\/rectoria.umet.edu.ec\\\/#website\"},\"primaryImageOfPage\":{\"@id\":\"https:\\\/\\\/rectoria.umet.edu.ec\\\/?page_id=310#primaryimage\"},\"image\":{\"@id\":\"https:\\\/\\\/rectoria.umet.edu.ec\\\/?page_id=310#primaryimage\"},\"thumbnailUrl\":\"https:\\\/\\\/rectoria.umet.edu.ec\\\/wp-content\\\/uploads\\\/2026\\\/03\\\/WhatsApp-Image-2026-03-19-at-2.06.17-PM-682x1024.jpeg\",\"datePublished\":\"2026-03-19T20:11:22+00:00\",\"dateModified\":\"2026-03-30T23:17:24+00:00\",\"description\":\"Procurador General de la Universidad Metropolitana.\",\"breadcrumb\":{\"@id\":\"https:\\\/\\\/rectoria.umet.edu.ec\\\/?page_id=310#breadcrumb\"},\"inLanguage\":\"es\",\"potentialAction\":[{\"@type\":\"ReadAction\",\"target\":[\"https:\\\/\\\/rectoria.umet.edu.ec\\\/?page_id=310\"]}]},{\"@type\":\"ImageObject\",\"inLanguage\":\"es\",\"@id\":\"https:\\\/\\\/rectoria.umet.edu.ec\\\/?page_id=310#primaryimage\",\"url\":\"https:\\\/\\\/rectoria.umet.edu.ec\\\/wp-content\\\/uploads\\\/2026\\\/03\\\/WhatsApp-Image-2026-03-19-at-2.06.17-PM.jpeg\",\"contentUrl\":\"https:\\\/\\\/rectoria.umet.edu.ec\\\/wp-content\\\/uploads\\\/2026\\\/03\\\/WhatsApp-Image-2026-03-19-at-2.06.17-PM.jpeg\",\"width\":842,\"height\":1264},{\"@type\":\"BreadcrumbList\",\"@id\":\"https:\\\/\\\/rectoria.umet.edu.ec\\\/?page_id=310#breadcrumb\",\"itemListElement\":[{\"@type\":\"ListItem\",\"position\":1,\"name\":\"Portada\",\"item\":\"https:\\\/\\\/rectoria.umet.edu.ec\\\/\"},{\"@type\":\"ListItem\",\"position\":2,\"name\":\"Rector\u00eda\",\"item\":\"https:\\\/\\\/rectoria.umet.edu.ec\\\/?page_id=2\"},{\"@type\":\"ListItem\",\"position\":3,\"name\":\"Dr. Mauricio L\u00f3pez Ochoa, Mgs.\"}]},{\"@type\":\"WebSite\",\"@id\":\"https:\\\/\\\/rectoria.umet.edu.ec\\\/#website\",\"url\":\"https:\\\/\\\/rectoria.umet.edu.ec\\\/\",\"name\":\"Blog del Rectorado\",\"description\":\"Informaci\u00f3n del Rectorado\",\"publisher\":{\"@id\":\"https:\\\/\\\/rectoria.umet.edu.ec\\\/#organization\"},\"potentialAction\":[{\"@type\":\"SearchAction\",\"target\":{\"@type\":\"EntryPoint\",\"urlTemplate\":\"https:\\\/\\\/rectoria.umet.edu.ec\\\/?s={search_term_string}\"},\"query-input\":{\"@type\":\"PropertyValueSpecification\",\"valueRequired\":true,\"valueName\":\"search_term_string\"}}],\"inLanguage\":\"es\"},{\"@type\":\"Organization\",\"@id\":\"https:\\\/\\\/rectoria.umet.edu.ec\\\/#organization\",\"name\":\"\u016aM\u03a3T\",\"url\":\"https:\\\/\\\/rectoria.umet.edu.ec\\\/\",\"logo\":{\"@type\":\"ImageObject\",\"inLanguage\":\"es\",\"@id\":\"https:\\\/\\\/rectoria.umet.edu.ec\\\/#\\\/schema\\\/logo\\\/image\\\/\",\"url\":\"https:\\\/\\\/rectorado.umet.edu.ec\\\/wp-content\\\/uploads\\\/2026\\\/02\\\/LOGOTIPO-PRINCIPAL-HORIZONTAL.png\",\"contentUrl\":\"https:\\\/\\\/rectorado.umet.edu.ec\\\/wp-content\\\/uploads\\\/2026\\\/02\\\/LOGOTIPO-PRINCIPAL-HORIZONTAL.png\",\"width\":1379,\"height\":304,\"caption\":\"\u016aM\u03a3T\"},\"image\":{\"@id\":\"https:\\\/\\\/rectoria.umet.edu.ec\\\/#\\\/schema\\\/logo\\\/image\\\/\"}}]}<\/script>\n<!-- \/ Yoast SEO plugin. -->","yoast_head_json":{"title":"Dr. Mauricio L\u00f3pez Ochoa, Mgs. - Blog del Rectorado","description":"Procurador General de la Universidad Metropolitana.","robots":{"index":"index","follow":"follow","max-snippet":"max-snippet:-1","max-image-preview":"max-image-preview:large","max-video-preview":"max-video-preview:-1"},"canonical":"https:\/\/rectoria.umet.edu.ec\/?page_id=310","og_locale":"es_ES","og_type":"article","og_title":"Dr. Mauricio L\u00f3pez Ochoa, Mgs. - Blog del Rectorado","og_description":"Procurador General de la Universidad Metropolitana.","og_url":"https:\/\/rectoria.umet.edu.ec\/?page_id=310","og_site_name":"Blog del Rectorado","article_modified_time":"2026-03-30T23:17:24+00:00","og_image":[{"width":842,"height":1264,"url":"https:\/\/rectoria.umet.edu.ec\/wp-content\/uploads\/2026\/03\/WhatsApp-Image-2026-03-19-at-2.06.17-PM.jpeg","type":"image\/jpeg"}],"twitter_card":"summary_large_image","twitter_misc":{"Tiempo de lectura":"3 minutos"},"schema":{"@context":"https:\/\/schema.org","@graph":[{"@type":"WebPage","@id":"https:\/\/rectoria.umet.edu.ec\/?page_id=310","url":"https:\/\/rectoria.umet.edu.ec\/?page_id=310","name":"Dr. Mauricio L\u00f3pez Ochoa, Mgs. - Blog del Rectorado","isPartOf":{"@id":"https:\/\/rectoria.umet.edu.ec\/#website"},"primaryImageOfPage":{"@id":"https:\/\/rectoria.umet.edu.ec\/?page_id=310#primaryimage"},"image":{"@id":"https:\/\/rectoria.umet.edu.ec\/?page_id=310#primaryimage"},"thumbnailUrl":"https:\/\/rectoria.umet.edu.ec\/wp-content\/uploads\/2026\/03\/WhatsApp-Image-2026-03-19-at-2.06.17-PM-682x1024.jpeg","datePublished":"2026-03-19T20:11:22+00:00","dateModified":"2026-03-30T23:17:24+00:00","description":"Procurador General de la Universidad Metropolitana.","breadcrumb":{"@id":"https:\/\/rectoria.umet.edu.ec\/?page_id=310#breadcrumb"},"inLanguage":"es","potentialAction":[{"@type":"ReadAction","target":["https:\/\/rectoria.umet.edu.ec\/?page_id=310"]}]},{"@type":"ImageObject","inLanguage":"es","@id":"https:\/\/rectoria.umet.edu.ec\/?page_id=310#primaryimage","url":"https:\/\/rectoria.umet.edu.ec\/wp-content\/uploads\/2026\/03\/WhatsApp-Image-2026-03-19-at-2.06.17-PM.jpeg","contentUrl":"https:\/\/rectoria.umet.edu.ec\/wp-content\/uploads\/2026\/03\/WhatsApp-Image-2026-03-19-at-2.06.17-PM.jpeg","width":842,"height":1264},{"@type":"BreadcrumbList","@id":"https:\/\/rectoria.umet.edu.ec\/?page_id=310#breadcrumb","itemListElement":[{"@type":"ListItem","position":1,"name":"Portada","item":"https:\/\/rectoria.umet.edu.ec\/"},{"@type":"ListItem","position":2,"name":"Rector\u00eda","item":"https:\/\/rectoria.umet.edu.ec\/?page_id=2"},{"@type":"ListItem","position":3,"name":"Dr. Mauricio L\u00f3pez Ochoa, Mgs."}]},{"@type":"WebSite","@id":"https:\/\/rectoria.umet.edu.ec\/#website","url":"https:\/\/rectoria.umet.edu.ec\/","name":"Blog del Rectorado","description":"Informaci\u00f3n del Rectorado","publisher":{"@id":"https:\/\/rectoria.umet.edu.ec\/#organization"},"potentialAction":[{"@type":"SearchAction","target":{"@type":"EntryPoint","urlTemplate":"https:\/\/rectoria.umet.edu.ec\/?s={search_term_string}"},"query-input":{"@type":"PropertyValueSpecification","valueRequired":true,"valueName":"search_term_string"}}],"inLanguage":"es"},{"@type":"Organization","@id":"https:\/\/rectoria.umet.edu.ec\/#organization","name":"\u016aM\u03a3T","url":"https:\/\/rectoria.umet.edu.ec\/","logo":{"@type":"ImageObject","inLanguage":"es","@id":"https:\/\/rectoria.umet.edu.ec\/#\/schema\/logo\/image\/","url":"https:\/\/rectorado.umet.edu.ec\/wp-content\/uploads\/2026\/02\/LOGOTIPO-PRINCIPAL-HORIZONTAL.png","contentUrl":"https:\/\/rectorado.umet.edu.ec\/wp-content\/uploads\/2026\/02\/LOGOTIPO-PRINCIPAL-HORIZONTAL.png","width":1379,"height":304,"caption":"\u016aM\u03a3T"},"image":{"@id":"https:\/\/rectoria.umet.edu.ec\/#\/schema\/logo\/image\/"}}]}},"jetpack_sharing_enabled":true,"post_mailing_queue_ids":[],"_links":{"self":[{"href":"https:\/\/rectoria.umet.edu.ec\/index.php?rest_route=\/wp\/v2\/pages\/310","targetHints":{"allow":["GET"]}}],"collection":[{"href":"https:\/\/rectoria.umet.edu.ec\/index.php?rest_route=\/wp\/v2\/pages"}],"about":[{"href":"https:\/\/rectoria.umet.edu.ec\/index.php?rest_route=\/wp\/v2\/types\/page"}],"author":[{"embeddable":true,"href":"https:\/\/rectoria.umet.edu.ec\/index.php?rest_route=\/wp\/v2\/users\/3"}],"replies":[{"embeddable":true,"href":"https:\/\/rectoria.umet.edu.ec\/index.php?rest_route=%2Fwp%2Fv2%2Fcomments&post=310"}],"version-history":[{"count":5,"href":"https:\/\/rectoria.umet.edu.ec\/index.php?rest_route=\/wp\/v2\/pages\/310\/revisions"}],"predecessor-version":[{"id":383,"href":"https:\/\/rectoria.umet.edu.ec\/index.php?rest_route=\/wp\/v2\/pages\/310\/revisions\/383"}],"up":[{"embeddable":true,"href":"https:\/\/rectoria.umet.edu.ec\/index.php?rest_route=\/wp\/v2\/pages\/2"}],"wp:attachment":[{"href":"https:\/\/rectoria.umet.edu.ec\/index.php?rest_route=%2Fwp%2Fv2%2Fmedia&parent=310"}],"curies":[{"name":"wp","href":"https:\/\/api.w.org\/{rel}","templated":true}]}}