{"id":3,"date":"2026-02-18T16:43:40","date_gmt":"2026-02-18T16:43:40","guid":{"rendered":"https:\/\/rectorado.umet.edu.ec\/?page_id=3"},"modified":"2026-04-15T13:05:06","modified_gmt":"2026-04-15T18:05:06","slug":"politica-de-tratamiento-de-datos","status":"publish","type":"page","link":"https:\/\/rectoria.umet.edu.ec\/?page_id=3","title":{"rendered":"Pol\u00edtica de privacidad"},"content":{"rendered":"\n<h2 class=\"wp-block-heading has-accent-3-color has-text-color has-link-color has-medium-font-size wp-elements-6bbbe527b0d7c676c4dd8fdcb107623e\">\u00bfQui\u00e9nes somos?<\/h2>\n\n\n\n<p class=\"has-small-font-size\">Somos el equipo del rectorado en su funci\u00f3n de rector\u00eda de la Universidad Metropolitana. La direcci\u00f3n de nuestra p\u00e1gina web es: <a href=\"https:\/\/rectoria.umet.edu.ec\">https:\/\/rectoria.umet.edu.ec<\/a><\/p>\n\n\n\n<h2 class=\"wp-block-heading has-accent-3-color has-text-color has-link-color has-medium-font-size wp-elements-00461a588064c7acbc5d948e60eacec9\">Sobre los comentarios en el sitio<\/h2>\n\n\n\n<p class=\"has-small-font-size\">Cuando los visitantes dejan comentarios en el sitio, recopilamos los datos que aparecen en el formulario de comentarios, as\u00ed como la direcci\u00f3n IP del visitante y la cadena del agente de usuario del navegador para ayudar a detectar spam. <\/p>\n\n\n\n<p class=\"has-small-font-size\">Se puede proporcionar una cadena anonimizada creada a partir de tu direcci\u00f3n de correo electr\u00f3nico (tambi\u00e9n llamada hash) al servicio Gravatar para ver si la est\u00e1s utilizando. La pol\u00edtica de privacidad del servicio de Gravatar est\u00e1 disponible aqu\u00ed: https:\/\/automattic.com\/privacy\/. <\/p>\n\n\n\n<p class=\"has-small-font-size\">Tras la aprobaci\u00f3n de tu comentario, tu foto de perfil ser\u00e1 visible para el p\u00fablico en el contexto de tu comentario.<\/p>\n\n\n\n<h2 class=\"wp-block-heading has-accent-3-color has-text-color has-link-color has-medium-font-size wp-elements-3cacb40f210ad176d68b71dd50dd3866\">Medios<\/h2>\n\n\n\n<p class=\"has-small-font-size\">Si subes im\u00e1genes a la web, deber\u00edas evitar subir im\u00e1genes con datos de localizaci\u00f3n incrustados (EXIF GPS). Los visitantes de la web pueden descargar y extraer cualquier dato de ubicaci\u00f3n de las im\u00e1genes del sitio.<\/p>\n\n\n\n<h2 class=\"wp-block-heading has-accent-3-color has-text-color has-link-color has-medium-font-size wp-elements-52152d599b6de90c479c508fc0df9143\">Cookies<\/h2>\n\n\n\n<p class=\"has-small-font-size\">Si dejas un comentario en nuestro sitio, puedes optar por guardar tu nombre, direcci\u00f3n de correo electr\u00f3nico y sitio web en cookies. Estos son para tu comodidad, para que no tengas que rellenar tus datos de nuevo cuando dejes otro comentario. Estas cookies durar\u00e1n un a\u00f1o.<\/p>\n\n\n\n<p class=\"has-small-font-size\">Si visitas nuestra p\u00e1gina de inicio de sesi\u00f3n, configuraremos una cookie temporal para determinar si tu navegador acepta cookies. Esta cookie no contiene datos personales y se descarta al cerrar el navegador.<\/p>\n\n\n\n<p class=\"has-small-font-size\">Al iniciar sesi\u00f3n, tambi\u00e9n configuraremos varias cookies para guardar tu informaci\u00f3n de inicio de sesi\u00f3n y tus opciones de pantalla. Las cookies de inicio de sesi\u00f3n duran dos d\u00edas y las cookies de opciones de pantalla un a\u00f1o. Si seleccionas &#8220;Recordarme&#8221;, tu inicio de sesi\u00f3n permanecer\u00e1 durante dos semanas. Si cierras sesi\u00f3n de tu cuenta, las cookies de inicio de sesi\u00f3n ser\u00e1n eliminadas.<\/p>\n\n\n\n<p class=\"has-small-font-size\">Si editas o publicas un art\u00edculo, se guardar\u00e1 una cookie adicional en tu navegador. Esta cookie no incluye datos personales y simplemente indica el ID de la publicaci\u00f3n del art\u00edculo que acabas de editar. Caduca despu\u00e9s de 1 d\u00eda.<\/p>\n\n\n\n<h2 class=\"wp-block-heading has-accent-3-color has-text-color has-link-color has-medium-font-size wp-elements-ac5c6225e53d05cf298c30504c7ddbcc\">Contenido incrustado de otros sitios web<\/h2>\n\n\n\n<p class=\"has-small-font-size\">Los art\u00edculos de este sitio pueden incluir contenido incrustado (por ejemplo, v\u00eddeos, im\u00e1genes, art\u00edculos, etc.). El contenido incrustado de otros sitios web se comporta exactamente igual que si el visitante hubiera visitado el otro sitio web.<\/p>\n\n\n\n<p class=\"has-small-font-size\">Estos sitios web pueden recopilar datos sobre ti, usar cookies, incrustar seguimiento adicional de terceros y monitorizar tu interacci\u00f3n con ese contenido incrustado, incluyendo el seguimiento de tu interacci\u00f3n con el contenido incrustado si tienes una cuenta y est\u00e1s conectado a ese sitio.<\/p>\n\n\n\n<h2 class=\"wp-block-heading has-accent-3-color has-text-color has-link-color has-medium-font-size wp-elements-5a9d30d92dcaee772a7a3f7900da87cc\">\u00bfCon qui\u00e9n compartimos tus datos?<\/h2>\n\n\n\n<p class=\"has-small-font-size\">Si solicitas restablecer la contrase\u00f1a, tu direcci\u00f3n IP aparecer\u00e1 en el correo de restablecimiento.<\/p>\n\n\n\n<h2 class=\"wp-block-heading has-accent-3-color has-text-color has-link-color has-medium-font-size wp-elements-dc3a94c73dfa8f704472b4d82faf1a47\">\u00bfCu\u00e1nto tiempo conservamos tus datos?<\/h2>\n\n\n\n<p class=\"has-small-font-size\">Si dejas un comentario, el comentario y sus metadatos se conservan indefinidamente. Esto es para que podamos reconocer y aprobar cualquier comentario de seguimiento autom\u00e1ticamente, en lugar de tenerlos en una cola de moderaci\u00f3n. Para los usuarios que se registran en nuestra web (si los hay), tambi\u00e9n almacenamos la informaci\u00f3n personal que proporcionan en su perfil de usuario. <\/p>\n\n\n\n<p class=\"has-small-font-size\">Todos los usuarios pueden ver, editar o eliminar su informaci\u00f3n personal en cualquier momento (excepto que no puedan cambiar su nombre de usuario). Los administradores del sitio web tambi\u00e9n pueden ver y editar esa informaci\u00f3n.<\/p>\n\n\n\n<h2 class=\"wp-block-heading has-accent-3-color has-text-color has-link-color has-medium-font-size wp-elements-48a50629ac33a3f146a73448d188dcaf\">\u00bfQu\u00e9 derechos tienes sobre tus datos?<\/h2>\n\n\n\n<p class=\"has-small-font-size\">Si tienes una cuenta en este sitio o has dejado comentarios, puedes solicitar recibir un archivo exportado con los datos personales que poseemos sobre ti, incluyendo cualquier dato que nos hayas proporcionado. Tambi\u00e9n puede solicitar que borremos cualquier dato personal que tengamos sobre usted. Esto no incluye ning\u00fan dato que estemos obligados a conservar por motivos administrativos, legales o de seguridad.<\/p>\n\n\n\n<h2 class=\"wp-block-heading has-accent-3-color has-text-color has-link-color has-medium-font-size wp-elements-f3d2b9ef7d4670b1b9b2ccf16cfe6b32\">\u00bfD\u00f3nde se env\u00edan tus datos?<\/h2>\n\n\n\n<p class=\"has-small-font-size\">Los comentarios de los visitantes pueden consultarse mediante un servicio automatizado de detecci\u00f3n de spam.<\/p>\n\n\n\n<div class=\"wp-block-media-text is-stacked-on-mobile\" style=\"grid-template-columns:16% auto\"><figure class=\"wp-block-media-text__media\"><img loading=\"lazy\" decoding=\"async\" width=\"582\" height=\"562\" src=\"https:\/\/rectorado.umet.edu.ec\/wp-content\/uploads\/2026\/02\/lOGO-AZUL-rECTORADO.jpg\" alt=\"\" class=\"wp-image-56 size-full\" srcset=\"https:\/\/rectoria.umet.edu.ec\/wp-content\/uploads\/2026\/02\/lOGO-AZUL-rECTORADO.jpg 582w, https:\/\/rectoria.umet.edu.ec\/wp-content\/uploads\/2026\/02\/lOGO-AZUL-rECTORADO-300x290.jpg 300w\" sizes=\"auto, (max-width: 582px) 100vw, 582px\" \/><\/figure><div class=\"wp-block-media-text__content\">\n<p><a href=\"https:\/\/umet.edu.ec\" target=\"_blank\" rel=\"noreferrer noopener\">https:\/\/umet.edu.ec<\/a><\/p>\n<\/div><\/div>\n\n\n\n<form name=\"s2form\" method=\"post\"><input type=\"hidden\" name=\"ip\" value=\"216.73.216.37\" \/><span style=\"display:none !important\"><label for=\"firstname\">Leave This Blank:<\/label><input type=\"text\" id=\"firstname\" name=\"firstname\" \/><label for=\"lastname\">Leave This Blank Too:<\/label><input type=\"text\" id=\"lastname\" name=\"lastname\" \/><label for=\"uri\">Do Not Change This:<\/label><input type=\"text\" id=\"uri\" name=\"uri\" value=\"http:\/\/\" \/><\/span><p><label for=\"s2email\">Tu correo electr\u00f3nico:<\/label><br><input type=\"email\" name=\"email\" id=\"s2email\" value=\"Introduce tu direcci\u00f3n de correo electr\u00f3nico...\" size=\"20\" onfocus=\"if (this.value === 'Introduce tu direcci\u00f3n de correo electr\u00f3nico...') {this.value = '';}\" onblur=\"if (this.value === '') {this.value = 'Introduce tu direcci\u00f3n de correo electr\u00f3nico...';}\" \/><\/p><p><input type=\"submit\" name=\"subscribe\" value=\"Suscribirme\" \/>&nbsp;<input type=\"submit\" name=\"unsubscribe\" value=\"Cancelar suscripci\u00f3n\" \/><\/p><\/form>\r\n\n\n\n\n<p><\/p>\n","protected":false},"excerpt":{"rendered":"<p>\u00bfQui\u00e9nes somos? Somos el equipo del rectorado en su funci\u00f3n de rector\u00eda de la Universidad Metropolitana. La direcci\u00f3n de nuestra p\u00e1gina web es: https:\/\/rectoria.umet.edu.ec Sobre los comentarios en el sitio&hellip;<\/p>\n","protected":false},"author":1,"featured_media":0,"parent":0,"menu_order":0,"comment_status":"closed","ping_status":"open","template":"","meta":{"_s2mail":"yes","footnotes":""},"class_list":["post-3","page","type-page","status-publish","hentry"],"yoast_head":"<!-- This site is optimized with the Yoast SEO plugin v27.4 - https:\/\/yoast.com\/product\/yoast-seo-wordpress\/ -->\n<title>Pol\u00edtica de privacidad - Blog del Rectorado<\/title>\n<meta name=\"description\" content=\"Blog del Rectorado Pol\u00edtica de privacidad educaci\u00f3n superior, Ecuador, LOPDP, Protecci\u00f3n de datos personales, UMET, Universidad Metropolitana\" \/>\n<meta name=\"robots\" content=\"index, follow, max-snippet:-1, max-image-preview:large, max-video-preview:-1\" \/>\n<link rel=\"canonical\" href=\"https:\/\/rectoria.umet.edu.ec\/?page_id=3\" \/>\n<meta property=\"og:locale\" content=\"es_ES\" \/>\n<meta property=\"og:type\" content=\"article\" \/>\n<meta property=\"og:title\" content=\"Pol\u00edtica de privacidad - Blog del Rectorado\" \/>\n<meta property=\"og:description\" content=\"Blog del Rectorado Pol\u00edtica de privacidad educaci\u00f3n superior, Ecuador, LOPDP, Protecci\u00f3n de datos personales, UMET, Universidad Metropolitana\" \/>\n<meta property=\"og:url\" content=\"https:\/\/rectoria.umet.edu.ec\/?page_id=3\" \/>\n<meta property=\"og:site_name\" content=\"Blog del Rectorado\" \/>\n<meta property=\"article:modified_time\" content=\"2026-04-15T18:05:06+00:00\" \/>\n<meta property=\"og:image\" content=\"https:\/\/rectoria.umet.edu.ec\/wp-content\/uploads\/2026\/02\/lOGO-AZUL-rECTORADO.jpg\" \/>\n\t<meta property=\"og:image:width\" content=\"582\" \/>\n\t<meta property=\"og:image:height\" content=\"562\" \/>\n\t<meta property=\"og:image:type\" content=\"image\/jpeg\" \/>\n<meta name=\"twitter:card\" content=\"summary_large_image\" \/>\n<meta name=\"twitter:label1\" content=\"Tiempo de lectura\" \/>\n\t<meta name=\"twitter:data1\" content=\"4 minutos\" \/>\n<script type=\"application\/ld+json\" class=\"yoast-schema-graph\">{\"@context\":\"https:\\\/\\\/schema.org\",\"@graph\":[{\"@type\":\"WebPage\",\"@id\":\"https:\\\/\\\/rectoria.umet.edu.ec\\\/?page_id=3\",\"url\":\"https:\\\/\\\/rectoria.umet.edu.ec\\\/?page_id=3\",\"name\":\"Pol\u00edtica de privacidad - Blog del Rectorado\",\"isPartOf\":{\"@id\":\"https:\\\/\\\/rectoria.umet.edu.ec\\\/#website\"},\"primaryImageOfPage\":{\"@id\":\"https:\\\/\\\/rectoria.umet.edu.ec\\\/?page_id=3#primaryimage\"},\"image\":{\"@id\":\"https:\\\/\\\/rectoria.umet.edu.ec\\\/?page_id=3#primaryimage\"},\"thumbnailUrl\":\"https:\\\/\\\/rectorado.umet.edu.ec\\\/wp-content\\\/uploads\\\/2026\\\/02\\\/lOGO-AZUL-rECTORADO.jpg\",\"datePublished\":\"2026-02-18T16:43:40+00:00\",\"dateModified\":\"2026-04-15T18:05:06+00:00\",\"description\":\"Blog del Rectorado Pol\u00edtica de privacidad educaci\u00f3n superior, Ecuador, LOPDP, Protecci\u00f3n de datos personales, UMET, Universidad Metropolitana\",\"breadcrumb\":{\"@id\":\"https:\\\/\\\/rectoria.umet.edu.ec\\\/?page_id=3#breadcrumb\"},\"inLanguage\":\"es\",\"potentialAction\":[{\"@type\":\"ReadAction\",\"target\":[\"https:\\\/\\\/rectoria.umet.edu.ec\\\/?page_id=3\"]}]},{\"@type\":\"ImageObject\",\"inLanguage\":\"es\",\"@id\":\"https:\\\/\\\/rectoria.umet.edu.ec\\\/?page_id=3#primaryimage\",\"url\":\"https:\\\/\\\/rectorado.umet.edu.ec\\\/wp-content\\\/uploads\\\/2026\\\/02\\\/lOGO-AZUL-rECTORADO.jpg\",\"contentUrl\":\"https:\\\/\\\/rectorado.umet.edu.ec\\\/wp-content\\\/uploads\\\/2026\\\/02\\\/lOGO-AZUL-rECTORADO.jpg\"},{\"@type\":\"BreadcrumbList\",\"@id\":\"https:\\\/\\\/rectoria.umet.edu.ec\\\/?page_id=3#breadcrumb\",\"itemListElement\":[{\"@type\":\"ListItem\",\"position\":1,\"name\":\"Portada\",\"item\":\"https:\\\/\\\/rectoria.umet.edu.ec\\\/\"},{\"@type\":\"ListItem\",\"position\":2,\"name\":\"Pol\u00edtica de privacidad\"}]},{\"@type\":\"WebSite\",\"@id\":\"https:\\\/\\\/rectoria.umet.edu.ec\\\/#website\",\"url\":\"https:\\\/\\\/rectoria.umet.edu.ec\\\/\",\"name\":\"Blog del Rectorado\",\"description\":\"Informaci\u00f3n del Rectorado\",\"publisher\":{\"@id\":\"https:\\\/\\\/rectoria.umet.edu.ec\\\/#organization\"},\"potentialAction\":[{\"@type\":\"SearchAction\",\"target\":{\"@type\":\"EntryPoint\",\"urlTemplate\":\"https:\\\/\\\/rectoria.umet.edu.ec\\\/?s={search_term_string}\"},\"query-input\":{\"@type\":\"PropertyValueSpecification\",\"valueRequired\":true,\"valueName\":\"search_term_string\"}}],\"inLanguage\":\"es\"},{\"@type\":\"Organization\",\"@id\":\"https:\\\/\\\/rectoria.umet.edu.ec\\\/#organization\",\"name\":\"\u016aM\u03a3T\",\"url\":\"https:\\\/\\\/rectoria.umet.edu.ec\\\/\",\"logo\":{\"@type\":\"ImageObject\",\"inLanguage\":\"es\",\"@id\":\"https:\\\/\\\/rectoria.umet.edu.ec\\\/#\\\/schema\\\/logo\\\/image\\\/\",\"url\":\"https:\\\/\\\/rectorado.umet.edu.ec\\\/wp-content\\\/uploads\\\/2026\\\/02\\\/LOGOTIPO-PRINCIPAL-HORIZONTAL.png\",\"contentUrl\":\"https:\\\/\\\/rectorado.umet.edu.ec\\\/wp-content\\\/uploads\\\/2026\\\/02\\\/LOGOTIPO-PRINCIPAL-HORIZONTAL.png\",\"width\":1379,\"height\":304,\"caption\":\"\u016aM\u03a3T\"},\"image\":{\"@id\":\"https:\\\/\\\/rectoria.umet.edu.ec\\\/#\\\/schema\\\/logo\\\/image\\\/\"}}]}<\/script>\n<!-- \/ Yoast SEO plugin. -->","yoast_head_json":{"title":"Pol\u00edtica de privacidad - Blog del Rectorado","description":"Blog del Rectorado Pol\u00edtica de privacidad educaci\u00f3n superior, Ecuador, LOPDP, Protecci\u00f3n de datos personales, UMET, Universidad Metropolitana","robots":{"index":"index","follow":"follow","max-snippet":"max-snippet:-1","max-image-preview":"max-image-preview:large","max-video-preview":"max-video-preview:-1"},"canonical":"https:\/\/rectoria.umet.edu.ec\/?page_id=3","og_locale":"es_ES","og_type":"article","og_title":"Pol\u00edtica de privacidad - Blog del Rectorado","og_description":"Blog del Rectorado Pol\u00edtica de privacidad educaci\u00f3n superior, Ecuador, LOPDP, Protecci\u00f3n de datos personales, UMET, Universidad Metropolitana","og_url":"https:\/\/rectoria.umet.edu.ec\/?page_id=3","og_site_name":"Blog del Rectorado","article_modified_time":"2026-04-15T18:05:06+00:00","og_image":[{"width":582,"height":562,"url":"https:\/\/rectoria.umet.edu.ec\/wp-content\/uploads\/2026\/02\/lOGO-AZUL-rECTORADO.jpg","type":"image\/jpeg"}],"twitter_card":"summary_large_image","twitter_misc":{"Tiempo de lectura":"4 minutos"},"schema":{"@context":"https:\/\/schema.org","@graph":[{"@type":"WebPage","@id":"https:\/\/rectoria.umet.edu.ec\/?page_id=3","url":"https:\/\/rectoria.umet.edu.ec\/?page_id=3","name":"Pol\u00edtica de privacidad - Blog del Rectorado","isPartOf":{"@id":"https:\/\/rectoria.umet.edu.ec\/#website"},"primaryImageOfPage":{"@id":"https:\/\/rectoria.umet.edu.ec\/?page_id=3#primaryimage"},"image":{"@id":"https:\/\/rectoria.umet.edu.ec\/?page_id=3#primaryimage"},"thumbnailUrl":"https:\/\/rectorado.umet.edu.ec\/wp-content\/uploads\/2026\/02\/lOGO-AZUL-rECTORADO.jpg","datePublished":"2026-02-18T16:43:40+00:00","dateModified":"2026-04-15T18:05:06+00:00","description":"Blog del Rectorado Pol\u00edtica de privacidad educaci\u00f3n superior, Ecuador, LOPDP, Protecci\u00f3n de datos personales, UMET, Universidad Metropolitana","breadcrumb":{"@id":"https:\/\/rectoria.umet.edu.ec\/?page_id=3#breadcrumb"},"inLanguage":"es","potentialAction":[{"@type":"ReadAction","target":["https:\/\/rectoria.umet.edu.ec\/?page_id=3"]}]},{"@type":"ImageObject","inLanguage":"es","@id":"https:\/\/rectoria.umet.edu.ec\/?page_id=3#primaryimage","url":"https:\/\/rectorado.umet.edu.ec\/wp-content\/uploads\/2026\/02\/lOGO-AZUL-rECTORADO.jpg","contentUrl":"https:\/\/rectorado.umet.edu.ec\/wp-content\/uploads\/2026\/02\/lOGO-AZUL-rECTORADO.jpg"},{"@type":"BreadcrumbList","@id":"https:\/\/rectoria.umet.edu.ec\/?page_id=3#breadcrumb","itemListElement":[{"@type":"ListItem","position":1,"name":"Portada","item":"https:\/\/rectoria.umet.edu.ec\/"},{"@type":"ListItem","position":2,"name":"Pol\u00edtica de privacidad"}]},{"@type":"WebSite","@id":"https:\/\/rectoria.umet.edu.ec\/#website","url":"https:\/\/rectoria.umet.edu.ec\/","name":"Blog del Rectorado","description":"Informaci\u00f3n del Rectorado","publisher":{"@id":"https:\/\/rectoria.umet.edu.ec\/#organization"},"potentialAction":[{"@type":"SearchAction","target":{"@type":"EntryPoint","urlTemplate":"https:\/\/rectoria.umet.edu.ec\/?s={search_term_string}"},"query-input":{"@type":"PropertyValueSpecification","valueRequired":true,"valueName":"search_term_string"}}],"inLanguage":"es"},{"@type":"Organization","@id":"https:\/\/rectoria.umet.edu.ec\/#organization","name":"\u016aM\u03a3T","url":"https:\/\/rectoria.umet.edu.ec\/","logo":{"@type":"ImageObject","inLanguage":"es","@id":"https:\/\/rectoria.umet.edu.ec\/#\/schema\/logo\/image\/","url":"https:\/\/rectorado.umet.edu.ec\/wp-content\/uploads\/2026\/02\/LOGOTIPO-PRINCIPAL-HORIZONTAL.png","contentUrl":"https:\/\/rectorado.umet.edu.ec\/wp-content\/uploads\/2026\/02\/LOGOTIPO-PRINCIPAL-HORIZONTAL.png","width":1379,"height":304,"caption":"\u016aM\u03a3T"},"image":{"@id":"https:\/\/rectoria.umet.edu.ec\/#\/schema\/logo\/image\/"}}]}},"jetpack_sharing_enabled":true,"post_mailing_queue_ids":[],"_links":{"self":[{"href":"https:\/\/rectoria.umet.edu.ec\/index.php?rest_route=\/wp\/v2\/pages\/3","targetHints":{"allow":["GET"]}}],"collection":[{"href":"https:\/\/rectoria.umet.edu.ec\/index.php?rest_route=\/wp\/v2\/pages"}],"about":[{"href":"https:\/\/rectoria.umet.edu.ec\/index.php?rest_route=\/wp\/v2\/types\/page"}],"author":[{"embeddable":true,"href":"https:\/\/rectoria.umet.edu.ec\/index.php?rest_route=\/wp\/v2\/users\/1"}],"replies":[{"embeddable":true,"href":"https:\/\/rectoria.umet.edu.ec\/index.php?rest_route=%2Fwp%2Fv2%2Fcomments&post=3"}],"version-history":[{"count":9,"href":"https:\/\/rectoria.umet.edu.ec\/index.php?rest_route=\/wp\/v2\/pages\/3\/revisions"}],"predecessor-version":[{"id":433,"href":"https:\/\/rectoria.umet.edu.ec\/index.php?rest_route=\/wp\/v2\/pages\/3\/revisions\/433"}],"wp:attachment":[{"href":"https:\/\/rectoria.umet.edu.ec\/index.php?rest_route=%2Fwp%2Fv2%2Fmedia&parent=3"}],"curies":[{"name":"wp","href":"https:\/\/api.w.org\/{rel}","templated":true}]}}