{"id":219,"date":"2026-03-15T20:19:44","date_gmt":"2026-03-15T20:19:44","guid":{"rendered":"https:\/\/rectorado.umet.edu.ec\/?page_id=219"},"modified":"2026-03-19T18:14:27","modified_gmt":"2026-03-19T23:14:27","slug":"ing-alejandro-rafael-socorro-castro-ph-d","status":"publish","type":"page","link":"https:\/\/rectoria.umet.edu.ec\/?page_id=219","title":{"rendered":"Ing. Alejandro Rafael Socorro Castro, PhD."},"content":{"rendered":"\n<div class=\"wp-block-media-text is-stacked-on-mobile\" style=\"grid-template-columns:52% auto\"><figure class=\"wp-block-media-text__media\"><img loading=\"lazy\" decoding=\"async\" width=\"1024\" height=\"682\" src=\"https:\/\/rectorado.umet.edu.ec\/wp-content\/uploads\/2026\/03\/Imagen-de-WhatsApp-2025-03-19-a-las-14.14.25_1c6f0b81-1024x682.jpg\" alt=\"\" class=\"wp-image-86 size-full\" srcset=\"https:\/\/rectoria.umet.edu.ec\/wp-content\/uploads\/2026\/03\/Imagen-de-WhatsApp-2025-03-19-a-las-14.14.25_1c6f0b81-1024x682.jpg 1024w, https:\/\/rectoria.umet.edu.ec\/wp-content\/uploads\/2026\/03\/Imagen-de-WhatsApp-2025-03-19-a-las-14.14.25_1c6f0b81-300x200.jpg 300w, https:\/\/rectoria.umet.edu.ec\/wp-content\/uploads\/2026\/03\/Imagen-de-WhatsApp-2025-03-19-a-las-14.14.25_1c6f0b81-768x512.jpg 768w, https:\/\/rectoria.umet.edu.ec\/wp-content\/uploads\/2026\/03\/Imagen-de-WhatsApp-2025-03-19-a-las-14.14.25_1c6f0b81-1536x1023.jpg 1536w, https:\/\/rectoria.umet.edu.ec\/wp-content\/uploads\/2026\/03\/Imagen-de-WhatsApp-2025-03-19-a-las-14.14.25_1c6f0b81.jpg 1600w\" sizes=\"auto, (max-width: 1024px) 100vw, 1024px\" \/><\/figure><div class=\"wp-block-media-text__content\">\n<p class=\"has-medium-font-size\"><strong>Ing. Alejandro Rafael Socorro Castro, PhD.<\/strong><\/p>\n\n\n\n<p class=\"has-medium-font-size\">Rector de la Universidad Metropolitana del Ecuador<\/p>\n\n\n\n<p>2025 &#8211; 2030<\/p>\n<\/div><\/div>\n\n\n\n<p class=\"has-small-font-size\" id=\"CV-ARSOCORRO\" style=\"font-style:normal;font-weight:400\"><strong>Alejandro Rafael Socorro Castro<\/strong> obtuvo su doctorado en Ciencias Agr\u00edcolas en la Universidad Agraria de La Habana. Cuenta con cuarenta a\u00f1os de vida laboral, de ellos cinco a\u00f1os en el sector productivo empresarial y treintaicinco en educaci\u00f3n superior. Ocup\u00f3 distintos puestos de direcci\u00f3n t\u00e9cnica y empresarial, as\u00ed como en la Universidad de Cienfuegos, Cuba.<\/p>\n\n\n\n<p>Cuenta con formaci\u00f3n de maestr\u00eda y diplomados en Agroecolog\u00eda, as\u00ed como una amplia formaci\u00f3n complementaria profesional en las ciencias agrarias, pedagog\u00eda y did\u00e1ctica de educaci\u00f3n superior, tecnolog\u00edas de la informaci\u00f3n y la comunicaci\u00f3n, geoestad\u00edstica, sistemas de informaci\u00f3n geogr\u00e1fica, marketing y advertising de proyectos, direcci\u00f3n y administraci\u00f3n de empresas, planificaci\u00f3n e inteligencia de negocios. Graduado de Artes Pl\u00e1sticas y con formaci\u00f3n y pr\u00e1ctica en tecnolog\u00edas educativas.<\/p>\n\n\n\n<p>Colabor\u00f3 con instituciones de educaci\u00f3n superior en Costa Rica, Canad\u00e1, M\u00e9xico, Venezuela y Ecuador.<br>Particip\u00f3 en actividades de programas, proyectos internacionales y redes acad\u00e9micas auspiciadas por programas de la ONU, organismos internacionales y no gubernamentales de B\u00e9lgica, Holanda, Espa\u00f1a, Canad\u00e1, EEUU, Costa Rica, Per\u00fa, Argentina, Brasil y Ecuador, dirigidos a la gesti\u00f3n urbana, la erradicaci\u00f3n de la pobreza, el fortalecimiento de la democracia y la participaci\u00f3n ciudadana, la innovaci\u00f3n y el desarrollo agrario y rural sostenible. Particip\u00f3 en programas de desarrollo socioecon\u00f3mico local desde la gesti\u00f3n universitaria del conocimiento y la innovaci\u00f3n en el marco de proyectos internacionales.<\/p>\n\n\n\n<p>En los \u00faltimos trece a\u00f1os se desempe\u00f1\u00f3 como profesor, vicerrector de investigaci\u00f3n y posgrado, asesor del rector, vicerrector acad\u00e9mico y actualmente como rector en la Universidad Metropolitana del Ecuador, en la que ha laborado intensamente por la formaci\u00f3n profesional del personal acad\u00e9mico y administrativo, el desarrollo de la normativa y la planificaci\u00f3n institucional, la transformaci\u00f3n digital, as\u00ed como la mejora continua de las funciones sustantivas de educaci\u00f3n superior.<\/p>\n\n\n\n<p>En su trayectoria acad\u00e9mica cuenta con cincuenta y dos art\u00edculos publicados en revistas indexadas, una veintena de ponencias presentadas en eventos cient\u00edficos relevantes, la publicaci\u00f3n de diecis\u00e9is libros y monograf\u00edas y como coautor en cuatro cap\u00edtulos de libros. Tambi\u00e9n cuenta con registros de propiedad intelectual y registros de software.<br>Ha promovido acciones y alianzas estrat\u00e9gicas con entidades de gobierno, organismos del estado, organizaciones, empresas, gobiernos aut\u00f3nomos, unidades educativas y comunidades en Ecuador.<\/p>\n\n\n\n<p>Obtuvo altas distinciones y reconocimientos internacionales, organismos nacionales de ciencia y tecnolog\u00eda, universidades y organizaciones, m\u00e1s recientemente en Ecuador fue acreedor de la condecoraci\u00f3n &#8220;Asamblea Nacional de la Rep\u00fablica del Ecuador, Dr. Vicente Rocafuerte&#8221; al m\u00e9rito educativo.<\/p>\n\n\n\n<p><\/p>\n","protected":false},"excerpt":{"rendered":"<p>Ing. Alejandro Rafael Socorro Castro, PhD. Rector de la Universidad Metropolitana del Ecuador 2025 &#8211; 2030 Alejandro Rafael Socorro Castro obtuvo su doctorado en Ciencias Agr\u00edcolas en la Universidad Agraria&hellip;<\/p>\n","protected":false},"author":3,"featured_media":0,"parent":2,"menu_order":1,"comment_status":"closed","ping_status":"closed","template":"","meta":{"_s2mail":"yes","footnotes":""},"class_list":["post-219","page","type-page","status-publish","hentry"],"yoast_head":"<!-- This site is optimized with the Yoast SEO plugin v27.4 - https:\/\/yoast.com\/product\/yoast-seo-wordpress\/ -->\n<title>Ing. Alejandro Rafael Socorro Castro, PhD. - Blog del Rectorado<\/title>\n<meta name=\"description\" content=\"Resumen de la hoja de vida del Dr. Alejandro Rafael Socorro Castro. Rector de la Universidad Metropolitana del Ecuador (2025 - 2030),\" \/>\n<meta name=\"robots\" content=\"index, follow, max-snippet:-1, max-image-preview:large, max-video-preview:-1\" \/>\n<link rel=\"canonical\" href=\"https:\/\/rectoria.umet.edu.ec\/?page_id=219\" \/>\n<meta property=\"og:locale\" content=\"es_ES\" \/>\n<meta property=\"og:type\" content=\"article\" \/>\n<meta property=\"og:title\" content=\"Ing. Alejandro Rafael Socorro Castro, PhD. - Blog del Rectorado\" \/>\n<meta property=\"og:description\" content=\"Resumen de la hoja de vida del Dr. Alejandro Rafael Socorro Castro. Rector de la Universidad Metropolitana del Ecuador (2025 - 2030),\" \/>\n<meta property=\"og:url\" content=\"https:\/\/rectoria.umet.edu.ec\/?page_id=219\" \/>\n<meta property=\"og:site_name\" content=\"Blog del Rectorado\" \/>\n<meta property=\"article:modified_time\" content=\"2026-03-19T23:14:27+00:00\" \/>\n<meta property=\"og:image\" content=\"https:\/\/rectoria.umet.edu.ec\/wp-content\/uploads\/2026\/03\/Imagen-de-WhatsApp-2025-03-19-a-las-14.14.25_1c6f0b81.jpg\" \/>\n\t<meta property=\"og:image:width\" content=\"1600\" \/>\n\t<meta property=\"og:image:height\" content=\"1066\" \/>\n\t<meta property=\"og:image:type\" content=\"image\/jpeg\" \/>\n<meta name=\"twitter:card\" content=\"summary_large_image\" \/>\n<meta name=\"twitter:label1\" content=\"Tiempo de lectura\" \/>\n\t<meta name=\"twitter:data1\" content=\"3 minutos\" \/>\n<script type=\"application\/ld+json\" class=\"yoast-schema-graph\">{\"@context\":\"https:\\\/\\\/schema.org\",\"@graph\":[{\"@type\":\"WebPage\",\"@id\":\"https:\\\/\\\/rectoria.umet.edu.ec\\\/?page_id=219\",\"url\":\"https:\\\/\\\/rectoria.umet.edu.ec\\\/?page_id=219\",\"name\":\"Ing. Alejandro Rafael Socorro Castro, PhD. - Blog del Rectorado\",\"isPartOf\":{\"@id\":\"https:\\\/\\\/rectoria.umet.edu.ec\\\/#website\"},\"primaryImageOfPage\":{\"@id\":\"https:\\\/\\\/rectoria.umet.edu.ec\\\/?page_id=219#primaryimage\"},\"image\":{\"@id\":\"https:\\\/\\\/rectoria.umet.edu.ec\\\/?page_id=219#primaryimage\"},\"thumbnailUrl\":\"https:\\\/\\\/rectorado.umet.edu.ec\\\/wp-content\\\/uploads\\\/2026\\\/03\\\/Imagen-de-WhatsApp-2025-03-19-a-las-14.14.25_1c6f0b81-1024x682.jpg\",\"datePublished\":\"2026-03-15T20:19:44+00:00\",\"dateModified\":\"2026-03-19T23:14:27+00:00\",\"description\":\"Resumen de la hoja de vida del Dr. Alejandro Rafael Socorro Castro. Rector de la Universidad Metropolitana del Ecuador (2025 - 2030),\",\"breadcrumb\":{\"@id\":\"https:\\\/\\\/rectoria.umet.edu.ec\\\/?page_id=219#breadcrumb\"},\"inLanguage\":\"es\",\"potentialAction\":[{\"@type\":\"ReadAction\",\"target\":[\"https:\\\/\\\/rectoria.umet.edu.ec\\\/?page_id=219\"]}]},{\"@type\":\"ImageObject\",\"inLanguage\":\"es\",\"@id\":\"https:\\\/\\\/rectoria.umet.edu.ec\\\/?page_id=219#primaryimage\",\"url\":\"https:\\\/\\\/rectorado.umet.edu.ec\\\/wp-content\\\/uploads\\\/2026\\\/03\\\/Imagen-de-WhatsApp-2025-03-19-a-las-14.14.25_1c6f0b81-1024x682.jpg\",\"contentUrl\":\"https:\\\/\\\/rectorado.umet.edu.ec\\\/wp-content\\\/uploads\\\/2026\\\/03\\\/Imagen-de-WhatsApp-2025-03-19-a-las-14.14.25_1c6f0b81-1024x682.jpg\"},{\"@type\":\"BreadcrumbList\",\"@id\":\"https:\\\/\\\/rectoria.umet.edu.ec\\\/?page_id=219#breadcrumb\",\"itemListElement\":[{\"@type\":\"ListItem\",\"position\":1,\"name\":\"Portada\",\"item\":\"https:\\\/\\\/rectoria.umet.edu.ec\\\/\"},{\"@type\":\"ListItem\",\"position\":2,\"name\":\"Rector\u00eda\",\"item\":\"https:\\\/\\\/rectoria.umet.edu.ec\\\/?page_id=2\"},{\"@type\":\"ListItem\",\"position\":3,\"name\":\"Ing. Alejandro Rafael Socorro Castro, PhD.\"}]},{\"@type\":\"WebSite\",\"@id\":\"https:\\\/\\\/rectoria.umet.edu.ec\\\/#website\",\"url\":\"https:\\\/\\\/rectoria.umet.edu.ec\\\/\",\"name\":\"Blog del Rectorado\",\"description\":\"Informaci\u00f3n del Rectorado\",\"publisher\":{\"@id\":\"https:\\\/\\\/rectoria.umet.edu.ec\\\/#organization\"},\"potentialAction\":[{\"@type\":\"SearchAction\",\"target\":{\"@type\":\"EntryPoint\",\"urlTemplate\":\"https:\\\/\\\/rectoria.umet.edu.ec\\\/?s={search_term_string}\"},\"query-input\":{\"@type\":\"PropertyValueSpecification\",\"valueRequired\":true,\"valueName\":\"search_term_string\"}}],\"inLanguage\":\"es\"},{\"@type\":\"Organization\",\"@id\":\"https:\\\/\\\/rectoria.umet.edu.ec\\\/#organization\",\"name\":\"\u016aM\u03a3T\",\"url\":\"https:\\\/\\\/rectoria.umet.edu.ec\\\/\",\"logo\":{\"@type\":\"ImageObject\",\"inLanguage\":\"es\",\"@id\":\"https:\\\/\\\/rectoria.umet.edu.ec\\\/#\\\/schema\\\/logo\\\/image\\\/\",\"url\":\"https:\\\/\\\/rectorado.umet.edu.ec\\\/wp-content\\\/uploads\\\/2026\\\/02\\\/LOGOTIPO-PRINCIPAL-HORIZONTAL.png\",\"contentUrl\":\"https:\\\/\\\/rectorado.umet.edu.ec\\\/wp-content\\\/uploads\\\/2026\\\/02\\\/LOGOTIPO-PRINCIPAL-HORIZONTAL.png\",\"width\":1379,\"height\":304,\"caption\":\"\u016aM\u03a3T\"},\"image\":{\"@id\":\"https:\\\/\\\/rectoria.umet.edu.ec\\\/#\\\/schema\\\/logo\\\/image\\\/\"}}]}<\/script>\n<!-- \/ Yoast SEO plugin. -->","yoast_head_json":{"title":"Ing. Alejandro Rafael Socorro Castro, PhD. - Blog del Rectorado","description":"Resumen de la hoja de vida del Dr. Alejandro Rafael Socorro Castro. Rector de la Universidad Metropolitana del Ecuador (2025 - 2030),","robots":{"index":"index","follow":"follow","max-snippet":"max-snippet:-1","max-image-preview":"max-image-preview:large","max-video-preview":"max-video-preview:-1"},"canonical":"https:\/\/rectoria.umet.edu.ec\/?page_id=219","og_locale":"es_ES","og_type":"article","og_title":"Ing. Alejandro Rafael Socorro Castro, PhD. - Blog del Rectorado","og_description":"Resumen de la hoja de vida del Dr. Alejandro Rafael Socorro Castro. Rector de la Universidad Metropolitana del Ecuador (2025 - 2030),","og_url":"https:\/\/rectoria.umet.edu.ec\/?page_id=219","og_site_name":"Blog del Rectorado","article_modified_time":"2026-03-19T23:14:27+00:00","og_image":[{"width":1600,"height":1066,"url":"https:\/\/rectoria.umet.edu.ec\/wp-content\/uploads\/2026\/03\/Imagen-de-WhatsApp-2025-03-19-a-las-14.14.25_1c6f0b81.jpg","type":"image\/jpeg"}],"twitter_card":"summary_large_image","twitter_misc":{"Tiempo de lectura":"3 minutos"},"schema":{"@context":"https:\/\/schema.org","@graph":[{"@type":"WebPage","@id":"https:\/\/rectoria.umet.edu.ec\/?page_id=219","url":"https:\/\/rectoria.umet.edu.ec\/?page_id=219","name":"Ing. Alejandro Rafael Socorro Castro, PhD. - Blog del Rectorado","isPartOf":{"@id":"https:\/\/rectoria.umet.edu.ec\/#website"},"primaryImageOfPage":{"@id":"https:\/\/rectoria.umet.edu.ec\/?page_id=219#primaryimage"},"image":{"@id":"https:\/\/rectoria.umet.edu.ec\/?page_id=219#primaryimage"},"thumbnailUrl":"https:\/\/rectorado.umet.edu.ec\/wp-content\/uploads\/2026\/03\/Imagen-de-WhatsApp-2025-03-19-a-las-14.14.25_1c6f0b81-1024x682.jpg","datePublished":"2026-03-15T20:19:44+00:00","dateModified":"2026-03-19T23:14:27+00:00","description":"Resumen de la hoja de vida del Dr. Alejandro Rafael Socorro Castro. Rector de la Universidad Metropolitana del Ecuador (2025 - 2030),","breadcrumb":{"@id":"https:\/\/rectoria.umet.edu.ec\/?page_id=219#breadcrumb"},"inLanguage":"es","potentialAction":[{"@type":"ReadAction","target":["https:\/\/rectoria.umet.edu.ec\/?page_id=219"]}]},{"@type":"ImageObject","inLanguage":"es","@id":"https:\/\/rectoria.umet.edu.ec\/?page_id=219#primaryimage","url":"https:\/\/rectorado.umet.edu.ec\/wp-content\/uploads\/2026\/03\/Imagen-de-WhatsApp-2025-03-19-a-las-14.14.25_1c6f0b81-1024x682.jpg","contentUrl":"https:\/\/rectorado.umet.edu.ec\/wp-content\/uploads\/2026\/03\/Imagen-de-WhatsApp-2025-03-19-a-las-14.14.25_1c6f0b81-1024x682.jpg"},{"@type":"BreadcrumbList","@id":"https:\/\/rectoria.umet.edu.ec\/?page_id=219#breadcrumb","itemListElement":[{"@type":"ListItem","position":1,"name":"Portada","item":"https:\/\/rectoria.umet.edu.ec\/"},{"@type":"ListItem","position":2,"name":"Rector\u00eda","item":"https:\/\/rectoria.umet.edu.ec\/?page_id=2"},{"@type":"ListItem","position":3,"name":"Ing. Alejandro Rafael Socorro Castro, PhD."}]},{"@type":"WebSite","@id":"https:\/\/rectoria.umet.edu.ec\/#website","url":"https:\/\/rectoria.umet.edu.ec\/","name":"Blog del Rectorado","description":"Informaci\u00f3n del Rectorado","publisher":{"@id":"https:\/\/rectoria.umet.edu.ec\/#organization"},"potentialAction":[{"@type":"SearchAction","target":{"@type":"EntryPoint","urlTemplate":"https:\/\/rectoria.umet.edu.ec\/?s={search_term_string}"},"query-input":{"@type":"PropertyValueSpecification","valueRequired":true,"valueName":"search_term_string"}}],"inLanguage":"es"},{"@type":"Organization","@id":"https:\/\/rectoria.umet.edu.ec\/#organization","name":"\u016aM\u03a3T","url":"https:\/\/rectoria.umet.edu.ec\/","logo":{"@type":"ImageObject","inLanguage":"es","@id":"https:\/\/rectoria.umet.edu.ec\/#\/schema\/logo\/image\/","url":"https:\/\/rectorado.umet.edu.ec\/wp-content\/uploads\/2026\/02\/LOGOTIPO-PRINCIPAL-HORIZONTAL.png","contentUrl":"https:\/\/rectorado.umet.edu.ec\/wp-content\/uploads\/2026\/02\/LOGOTIPO-PRINCIPAL-HORIZONTAL.png","width":1379,"height":304,"caption":"\u016aM\u03a3T"},"image":{"@id":"https:\/\/rectoria.umet.edu.ec\/#\/schema\/logo\/image\/"}}]}},"jetpack_sharing_enabled":true,"post_mailing_queue_ids":[],"_links":{"self":[{"href":"https:\/\/rectoria.umet.edu.ec\/index.php?rest_route=\/wp\/v2\/pages\/219","targetHints":{"allow":["GET"]}}],"collection":[{"href":"https:\/\/rectoria.umet.edu.ec\/index.php?rest_route=\/wp\/v2\/pages"}],"about":[{"href":"https:\/\/rectoria.umet.edu.ec\/index.php?rest_route=\/wp\/v2\/types\/page"}],"author":[{"embeddable":true,"href":"https:\/\/rectoria.umet.edu.ec\/index.php?rest_route=\/wp\/v2\/users\/3"}],"replies":[{"embeddable":true,"href":"https:\/\/rectoria.umet.edu.ec\/index.php?rest_route=%2Fwp%2Fv2%2Fcomments&post=219"}],"version-history":[{"count":5,"href":"https:\/\/rectoria.umet.edu.ec\/index.php?rest_route=\/wp\/v2\/pages\/219\/revisions"}],"predecessor-version":[{"id":329,"href":"https:\/\/rectoria.umet.edu.ec\/index.php?rest_route=\/wp\/v2\/pages\/219\/revisions\/329"}],"up":[{"embeddable":true,"href":"https:\/\/rectoria.umet.edu.ec\/index.php?rest_route=\/wp\/v2\/pages\/2"}],"wp:attachment":[{"href":"https:\/\/rectoria.umet.edu.ec\/index.php?rest_route=%2Fwp%2Fv2%2Fmedia&parent=219"}],"curies":[{"name":"wp","href":"https:\/\/api.w.org\/{rel}","templated":true}]}}